{"id":15467,"date":"2020-09-28T16:29:24","date_gmt":"2020-09-28T16:29:24","guid":{"rendered":"http:\/\/www.opb.gob.mx\/portal\/?page_id=15467"},"modified":"2022-02-17T22:32:28","modified_gmt":"2022-02-17T22:32:28","slug":"notas-de-proteccion-civil","status":"publish","type":"page","link":"http:\/\/www.opb.gob.mx\/portal\/?page_id=15467","title":{"rendered":"Notas de protecci\u00f3n civil"},"content":{"rendered":"\t\t<div data-elementor-type=\"wp-page\" data-elementor-id=\"15467\" class=\"elementor elementor-15467\" data-elementor-settings=\"[]\">\n\t\t\t\t\t\t<div class=\"elementor-inner\">\n\t\t\t\t\t\t\t<div class=\"elementor-section-wrap\">\n\t\t\t\t\t\t\t<section class=\"elementor-section elementor-top-section elementor-element elementor-element-e24aca5 elementor-section-boxed elementor-section-height-default elementor-section-height-default\" data-id=\"e24aca5\" data-element_type=\"section\">\n\t\t\t\t\t\t<div class=\"elementor-container elementor-column-gap-default\">\n\t\t\t\t\t\t\t<div class=\"elementor-row\">\n\t\t\t\t\t<div class=\"elementor-column elementor-col-100 elementor-top-column elementor-element elementor-element-af3fb2c\" data-id=\"af3fb2c\" data-element_type=\"column\">\n\t\t\t<div class=\"elementor-column-wrap elementor-element-populated\">\n\t\t\t\t\t\t\t<div class=\"elementor-widget-wrap\">\n\t\t\t\t\t\t<div class=\"elementor-element elementor-element-dcdff5b elementor-widget elementor-widget-egovenzblog\" data-id=\"dcdff5b\" data-element_type=\"widget\" data-widget_type=\"egovenzblog.default\">\n\t\t\t\t\r\n\t\t<div class=\"elementor-widget-container blog-wrapper blog-style-classic blog-light blog-slide-model shortcode-rand-1 egovenz-inline-css\" data-css=\"&quot;.shortcode-rand-1.blog-wrapper .blog-inner &gt; *:nth-child(1) { margin-bottom: 30px; }.shortcode-rand-1.blog-wrapper .blog-inner &gt; *:nth-child(2) { margin-bottom: 15px; }.shortcode-rand-1.blog-wrapper .blog-inner &gt; *:nth-child(3) { margin-bottom: 20px; }&quot;\">\r\n\t\t\r\n\t\t\t<div class=\"owl-carousel\" data-loop=\"1\" data-margin=\"15\" data-center=\"1\" data-nav=\"1\" data-dots=\"0\" data-autoplay=\"1\" data-items=\"3\" data-items-tab=\"3\" data-items-mob=\"2\" data-duration=\"5000\" data-smartspeed=\"250\" data-scrollby=\"1\" data-autoheight=\"0\"><div class=\"owl-carousel-item\"><div class=\"blog-inner\"><div class=\"post-thumb\"><img loading=\"lazy\" height=\"500\" width=\"600\" class=\"img-fluid\" alt=\"Arranca Operativo de Seguridad Vacaciones Semana Santa 2026 en Oth\u00f3n P. Blanco.\" src=\"http:\/\/www.opb.gob.mx\/portal\/wp-content\/uploads\/2026\/03\/1-10-600x500.jpeg\"\/><\/div><!-- .post-thumb --><div class=\"top-meta clearfix\"><ul class=\"nav top-meta-list meta-left\"><li><div class=\"post-category\"><span class=\"before-icon ti-folder\"><\/span><a href=\"http:\/\/www.opb.gob.mx\/portal\/?cat=27\">prensa<\/a>,<a href=\"http:\/\/www.opb.gob.mx\/portal\/?cat=28\">proteccion-civil<\/a><\/div><\/li><\/ul><\/div><div class=\"entry-title\"><h5 class=\"post-title-head\"><a href=\"http:\/\/www.opb.gob.mx\/portal\/?p=29956\" class=\"post-title\">Arranca Operativo de Seguridad Vacaciones Semana Santa 2026 en Oth\u00f3n P. Blanco.<\/a><\/h5><\/div><!-- .entry-title --><div class=\"bottom-meta clearfix\"><ul class=\"nav bottom-meta-list meta-left\"><li><div class=\"post-more\"><a class=\"read-more\" href=\"http:\/\/www.opb.gob.mx\/portal\/?p=29956\">Leer m\u00e1s<\/a><\/div><\/li><\/ul><\/div><\/div><!-- .blog-inner --><\/div><!-- .col \/ .owl-carousel-item \/ .isotope --><div class=\"owl-carousel-item\"><div class=\"blog-inner\"><div class=\"post-thumb\"><img loading=\"lazy\" height=\"500\" width=\"600\" class=\"img-fluid\" alt=\"Refuerzan capacidad operativa de Protecci\u00f3n Civil Municipal con nuevo equipamiento.\" src=\"http:\/\/www.opb.gob.mx\/portal\/wp-content\/uploads\/2026\/03\/abe0bbe7-277b-4d2c-9e3b-b64b39112e0c-scaled-600x500.jpeg\"\/><\/div><!-- .post-thumb --><div class=\"top-meta clearfix\"><ul class=\"nav top-meta-list meta-left\"><li><div class=\"post-category\"><span class=\"before-icon ti-folder\"><\/span><a href=\"http:\/\/www.opb.gob.mx\/portal\/?cat=27\">prensa<\/a>,<a href=\"http:\/\/www.opb.gob.mx\/portal\/?cat=28\">proteccion-civil<\/a><\/div><\/li><\/ul><\/div><div class=\"entry-title\"><h5 class=\"post-title-head\"><a href=\"http:\/\/www.opb.gob.mx\/portal\/?p=29927\" class=\"post-title\">Refuerzan capacidad operativa de Protecci\u00f3n Civil Municipal con nuevo equipamiento.<\/a><\/h5><\/div><!-- .entry-title --><div class=\"bottom-meta clearfix\"><ul class=\"nav bottom-meta-list meta-left\"><li><div class=\"post-more\"><a class=\"read-more\" href=\"http:\/\/www.opb.gob.mx\/portal\/?p=29927\">Leer m\u00e1s<\/a><\/div><\/li><\/ul><\/div><\/div><!-- .blog-inner --><\/div><!-- .col \/ .owl-carousel-item \/ .isotope --><div class=\"owl-carousel-item\"><div class=\"blog-inner\"><div class=\"post-thumb\"><img loading=\"lazy\" height=\"500\" width=\"600\" class=\"img-fluid\" alt=\"BOLET\u00cdN METEOROL\u00d3GICO DEL D\u00cdA 26 DE SEPTIEMBRE DEL 2022.\" src=\"http:\/\/www.opb.gob.mx\/portal\/wp-content\/uploads\/2022\/09\/BOLETIN-METEOROLOGICO-DEL-DIA-26-DE-SEPTIEMBRE-600x500.jpg\"\/><\/div><!-- .post-thumb --><div class=\"top-meta clearfix\"><ul class=\"nav top-meta-list meta-left\"><li><div class=\"post-category\"><span class=\"before-icon ti-folder\"><\/span><a href=\"http:\/\/www.opb.gob.mx\/portal\/?cat=28\">proteccion-civil<\/a><\/div><\/li><\/ul><\/div><div class=\"entry-title\"><h5 class=\"post-title-head\"><a href=\"http:\/\/www.opb.gob.mx\/portal\/?p=23827\" class=\"post-title\">BOLET\u00cdN METEOROL\u00d3GICO DEL D\u00cdA 26 DE SEPTIEMBRE DEL 2022.<\/a><\/h5><\/div><!-- .entry-title --><div class=\"bottom-meta clearfix\"><ul class=\"nav bottom-meta-list meta-left\"><li><div class=\"post-more\"><a class=\"read-more\" href=\"http:\/\/www.opb.gob.mx\/portal\/?p=23827\">Leer m\u00e1s<\/a><\/div><\/li><\/ul><\/div><\/div><!-- .blog-inner --><\/div><!-- .col \/ .owl-carousel-item \/ .isotope --><div class=\"owl-carousel-item\"><div class=\"blog-inner\"><div class=\"post-thumb\"><img loading=\"lazy\" height=\"500\" width=\"600\" class=\"img-fluid\" alt=\"BOLET\u00cdN METEOROL\u00d3GICO DEL D\u00cdA 21 DE SEPTIEMBRE DEL 2022.\" src=\"http:\/\/www.opb.gob.mx\/portal\/wp-content\/uploads\/2022\/09\/BOLETIN-METEOROLOGICO-DEL-DIA-21-DE-SEPTIEMBRE-600x500.png\"\/><\/div><!-- .post-thumb --><div class=\"top-meta clearfix\"><ul class=\"nav top-meta-list meta-left\"><li><div class=\"post-category\"><span class=\"before-icon ti-folder\"><\/span><a href=\"http:\/\/www.opb.gob.mx\/portal\/?cat=28\">proteccion-civil<\/a><\/div><\/li><\/ul><\/div><div class=\"entry-title\"><h5 class=\"post-title-head\"><a href=\"http:\/\/www.opb.gob.mx\/portal\/?p=23770\" class=\"post-title\">BOLET\u00cdN METEOROL\u00d3GICO DEL D\u00cdA 21 DE SEPTIEMBRE DEL 2022.<\/a><\/h5><\/div><!-- .entry-title --><div class=\"bottom-meta clearfix\"><ul class=\"nav bottom-meta-list meta-left\"><li><div class=\"post-more\"><a class=\"read-more\" href=\"http:\/\/www.opb.gob.mx\/portal\/?p=23770\">Leer m\u00e1s<\/a><\/div><\/li><\/ul><\/div><\/div><!-- .blog-inner --><\/div><!-- .col \/ .owl-carousel-item \/ .isotope --><\/div><!-- .owl-carousel -->\t\t\t\r\n\t\t<\/div>\r\n\t\t\t\t<\/div>\n\t\t\t\t\t\t<\/div>\n\t\t\t\t\t<\/div>\n\t\t<\/div>\n\t\t\t\t\t\t\t\t<\/div>\n\t\t\t\t\t<\/div>\n\t\t<\/section>\n\t\t\t\t<section class=\"elementor-section elementor-top-section elementor-element elementor-element-1a40e38 elementor-section-boxed elementor-section-height-default elementor-section-height-default\" data-id=\"1a40e38\" data-element_type=\"section\">\n\t\t\t\t\t\t<div class=\"elementor-container elementor-column-gap-default\">\n\t\t\t\t\t\t\t<div class=\"elementor-row\">\n\t\t\t\t\t<div class=\"elementor-column elementor-col-100 elementor-top-column elementor-element elementor-element-714d1a9\" data-id=\"714d1a9\" data-element_type=\"column\">\n\t\t\t<div class=\"elementor-column-wrap elementor-element-populated\">\n\t\t\t\t\t\t\t<div class=\"elementor-widget-wrap\">\n\t\t\t\t\t\t<div class=\"elementor-element elementor-element-9783378 elementor-widget elementor-widget-image\" data-id=\"9783378\" data-element_type=\"widget\" data-widget_type=\"image.default\">\n\t\t\t\t<div class=\"elementor-widget-container\">\n\t\t\t\t\t<div class=\"elementor-image\">\n\t\t\t\t\t\t\t\t\t\t<img width=\"1170\" height=\"694\" src=\"http:\/\/www.opb.gob.mx\/portal\/wp-content\/uploads\/2021\/10\/2021-2024_png-1170x694.png\" class=\"attachment-large size-large\" alt=\"\" loading=\"lazy\" srcset=\"http:\/\/www.opb.gob.mx\/portal\/wp-content\/uploads\/2021\/10\/2021-2024_png-1170x694.png 1170w, http:\/\/www.opb.gob.mx\/portal\/wp-content\/uploads\/2021\/10\/2021-2024_png-768x456.png 768w\" sizes=\"(max-width: 1170px) 100vw, 1170px\" \/>\t\t\t\t\t\t\t\t\t\t\t<\/div>\n\t\t\t\t<\/div>\n\t\t\t\t<\/div>\n\t\t\t\t\t\t<\/div>\n\t\t\t\t\t<\/div>\n\t\t<\/div>\n\t\t\t\t\t\t\t\t<\/div>\n\t\t\t\t\t<\/div>\n\t\t<\/section>\n\t\t\t\t\t\t<\/div>\n\t\t\t\t\t\t<\/div>\n\t\t\t\t\t<\/div>\n\t\t","protected":false},"excerpt":{"rendered":"<p>proteccion-civil BOLET\u00cdN METEOROL\u00d3GICO Leer m\u00e1s proteccion-civil BOLET\u00cdN METEOROL\u00d3GICO Leer m\u00e1s proteccion-civil BOLET\u00cdN METEOROL\u00d3GICO Leer m\u00e1s proteccion-civil BOLET\u00cdN METEOROL\u00d3GICO Leer m\u00e1s<\/p>\n","protected":false},"author":1,"featured_media":0,"parent":0,"menu_order":0,"comment_status":"closed","ping_status":"closed","template":"","meta":[],"_links":{"self":[{"href":"http:\/\/www.opb.gob.mx\/portal\/index.php?rest_route=\/wp\/v2\/pages\/15467"}],"collection":[{"href":"http:\/\/www.opb.gob.mx\/portal\/index.php?rest_route=\/wp\/v2\/pages"}],"about":[{"href":"http:\/\/www.opb.gob.mx\/portal\/index.php?rest_route=\/wp\/v2\/types\/page"}],"author":[{"embeddable":true,"href":"http:\/\/www.opb.gob.mx\/portal\/index.php?rest_route=\/wp\/v2\/users\/1"}],"replies":[{"embeddable":true,"href":"http:\/\/www.opb.gob.mx\/portal\/index.php?rest_route=%2Fwp%2Fv2%2Fcomments&post=15467"}],"version-history":[{"count":5,"href":"http:\/\/www.opb.gob.mx\/portal\/index.php?rest_route=\/wp\/v2\/pages\/15467\/revisions"}],"predecessor-version":[{"id":21129,"href":"http:\/\/www.opb.gob.mx\/portal\/index.php?rest_route=\/wp\/v2\/pages\/15467\/revisions\/21129"}],"wp:attachment":[{"href":"http:\/\/www.opb.gob.mx\/portal\/index.php?rest_route=%2Fwp%2Fv2%2Fmedia&parent=15467"}],"curies":[{"name":"wp","href":"https:\/\/api.w.org\/{rel}","templated":true}]}}