{"id":15733,"date":"2020-10-01T18:30:06","date_gmt":"2020-10-01T18:30:06","guid":{"rendered":"http:\/\/www.opb.gob.mx\/portal\/?page_id=15733"},"modified":"2020-10-01T19:16:04","modified_gmt":"2020-10-01T19:16:04","slug":"xiii-domicilio-de-la-unidad-de-transparencia","status":"publish","type":"page","link":"http:\/\/www.opb.gob.mx\/portal\/?page_id=15733","title":{"rendered":"XIII. DOMICILIO DE LA UNIDAD DE TRANSPARENCIA"},"content":{"rendered":"\t\t<div data-elementor-type=\"wp-page\" data-elementor-id=\"15733\" class=\"elementor elementor-15733\" data-elementor-settings=\"[]\">\n\t\t\t\t\t\t<div class=\"elementor-inner\">\n\t\t\t\t\t\t\t<div class=\"elementor-section-wrap\">\n\t\t\t\t\t\t\t<section class=\"elementor-section elementor-top-section elementor-element elementor-element-0a3e3c0 elementor-section-boxed elementor-section-height-default elementor-section-height-default\" data-id=\"0a3e3c0\" data-element_type=\"section\">\n\t\t\t\t\t\t<div class=\"elementor-container elementor-column-gap-default\">\n\t\t\t\t\t\t\t<div class=\"elementor-row\">\n\t\t\t\t\t<div class=\"elementor-column elementor-col-100 elementor-top-column elementor-element elementor-element-1df6466\" data-id=\"1df6466\" data-element_type=\"column\">\n\t\t\t<div class=\"elementor-column-wrap elementor-element-populated\">\n\t\t\t\t\t\t\t<div class=\"elementor-widget-wrap\">\n\t\t\t\t\t\t<div class=\"elementor-element elementor-element-a978bd2 elementor-widget elementor-widget-text-editor\" data-id=\"a978bd2\" data-element_type=\"widget\" data-widget_type=\"text-editor.default\">\n\t\t\t\t<div class=\"elementor-widget-container\">\n\t\t\t\t\t<div class=\"elementor-text-editor elementor-clearfix\"><p><!-- Creado por Ricardo J. Terrazas Rivadeneyra --><br \/><!-- 01\/10\/2020 --><\/p><p style=\"text-align: center;\"><strong>Responsable de la unidad:<\/strong><\/p><p style=\"text-align: center;\">Lic. Samantha Borja Castellanos<\/p><div><div><p style=\"text-align: center;\"><strong>Tel\u00e9fono:<br \/><\/strong>(983) 83 5 15 00 Ext. 7705<\/p><p style=\"text-align: center;\"><strong>Direcci\u00f3n de correo electr\u00f3nico:<br \/><\/strong><br \/><a href=\"mailto:transparencia@opb.gob.mx\" target=\"_blank\" rel=\"noopener\">transparencia@opb.gob.mx<\/a><\/p><p style=\"text-align: center;\"><a href=\"mailto:transparencia.opb@gmail.com\" target=\"_blank\" rel=\"noopener\">transparencia.opb@gmail.com<\/a><br \/><!-- inicia Secci\u00f3n de solicitudes de las diferentes plataformas --><\/p><div class=\"egovenz-content-inner\"><div class=\"container\"><div class=\"row\"><div class=\"col-md-12\"><div id=\"primary\" class=\"content-area clearfix\"><div id=\"page-15476\" class=\"post-15476 page type-page status-publish hentry\"><div class=\"elementor elementor-15476\" data-elementor-type=\"wp-page\" data-elementor-id=\"15476\" data-elementor-settings=\"[]\"><div class=\"elementor-inner\"><div class=\"elementor-section-wrap\"><section class=\"elementor-section elementor-top-section elementor-element elementor-element-5a05379 elementor-section-boxed elementor-section-height-default elementor-section-height-default\" data-id=\"5a05379\" data-element_type=\"section\"><div class=\"elementor-container elementor-column-gap-default\"><div class=\"elementor-row\"><div class=\"elementor-column elementor-col-33 elementor-top-column elementor-element elementor-element-e64b6cb\" data-id=\"e64b6cb\" data-element_type=\"column\"><div class=\"elementor-column-wrap elementor-element-populated\"><div class=\"elementor-widget-wrap\"><div class=\"elementor-element elementor-element-e718a93 elementor-widget elementor-widget-image\" data-id=\"e718a93\" data-element_type=\"widget\" data-widget_type=\"image.default\"><div class=\"elementor-widget-container\"><div class=\"elementor-image\"><figure class=\"wp-caption\"><a href=\"http:\/\/infomexqroo.org.mx\/\" target=\"_blank\" rel=\"noopener\"><br \/><img loading=\"lazy\" class=\"elementor-animation-shrink attachment-medium size-medium\" src=\"http:\/\/www.opb.gob.mx\/portal\/wp-content\/uploads\/2020\/09\/infomexqroo-768x456.jpg\" alt=\"\" width=\"768\" height=\"456\" \/> <\/a><p>\u00a0<\/p><figcaption class=\"widget-image-caption wp-caption-text\">REALIZA TU SOLICITUD POR EL SISTEMA INFOMEX QUINTANA ROO<\/figcaption><\/figure><\/div><\/div><\/div><\/div><\/div><\/div><div class=\"elementor-column elementor-col-33 elementor-top-column elementor-element elementor-element-9808c85\" data-id=\"9808c85\" data-element_type=\"column\"><div class=\"elementor-column-wrap elementor-element-populated\"><div class=\"elementor-widget-wrap\"><div class=\"elementor-element elementor-element-768c05a elementor-widget elementor-widget-image\" data-id=\"768c05a\" data-element_type=\"widget\" data-widget_type=\"image.default\"><div class=\"elementor-widget-container\"><div class=\"elementor-image\"><figure class=\"wp-caption\"><a href=\"https:\/\/www.plataformadetransparencia.org.mx\/web\/guest\/inicio?p_p_id=58&amp;p_p_lifecycle=1&amp;p_p_state=maximized&amp;p_p_mode=view&amp;_58_struts_action=%2Flogin%2Fcreate_account\" target=\"_blank\" rel=\"noopener\"><br \/><img loading=\"lazy\" class=\"elementor-animation-shrink attachment-medium size-medium\" src=\"http:\/\/www.opb.gob.mx\/portal\/wp-content\/uploads\/2020\/09\/127-SOLICITUD2-768x456.png\" alt=\"\" width=\"768\" height=\"456\" \/> <\/a><p>\u00a0<\/p><figcaption class=\"widget-image-caption wp-caption-text\">REALIZA TU SOLICITUD EN LA PLATAFORMA NACIONAL DE TRANSPARENCIA<\/figcaption><\/figure><\/div><\/div><\/div><\/div><\/div><\/div><div class=\"elementor-column elementor-col-33 elementor-top-column elementor-element elementor-element-259b79d\" data-id=\"259b79d\" data-element_type=\"column\"><div class=\"elementor-column-wrap elementor-element-populated\"><div class=\"elementor-widget-wrap\"><div class=\"elementor-element elementor-element-35c1d72 elementor-widget elementor-widget-image\" data-id=\"35c1d72\" data-element_type=\"widget\" data-widget_type=\"image.default\"><div class=\"elementor-widget-container\"><div class=\"elementor-image\"><figure class=\"wp-caption\"><a href=\"http:\/\/consultapublicamx.inai.org.mx:8080\/vut-web\/?idSujetoObigadoParametro=12876&amp;idEntidadParametro=23&amp;idSectorParametro=26\" target=\"_blank\" rel=\"noopener\"><br \/><img loading=\"lazy\" class=\"elementor-animation-shrink attachment-medium size-medium\" src=\"http:\/\/www.opb.gob.mx\/portal\/wp-content\/uploads\/2020\/09\/127-pnt-768x456.jpg\" alt=\"\" width=\"768\" height=\"456\" \/> <\/a><p>\u00a0<\/p><figcaption class=\"widget-image-caption wp-caption-text\">CONSULTA LA INFORMACI\u00d3N MEDIANTE LA PLATAFORMA NACIONAL DE TRANSPARENCIA<\/figcaption><\/figure><\/div><\/div><\/div><\/div><\/div><\/div><\/div><\/div><\/section><p><!-- termina Secci\u00f3n de solicitudes de las diferentes plataformas --><\/p><p style=\"text-align: center;\"><strong>Domicilio:<\/strong><br \/>Av. \u00c1lvaro Obreg\u00f3n #321<br \/>entre Emiliano Zapata y Rafael E. Melgar<br \/>Col. Centro, C.P. 77000, Chetumal, Quintana Roo<\/p><p style=\"text-align: center;\"><strong>Horarios de atenci\u00f3n:<\/strong><\/p><p style=\"text-align: center;\">Lunes a Viernes 9:00 a 16:00 hrs.<\/p><\/div><\/div><\/div><\/div><\/div><\/div><\/div><\/div><\/div><\/div><\/div><\/div>\n\t\t\t\t<\/div>\n\t\t\t\t<\/div>\n\t\t\t\t<div class=\"elementor-element elementor-element-f1ae8ca elementor-widget elementor-widget-google_maps\" data-id=\"f1ae8ca\" data-element_type=\"widget\" data-widget_type=\"google_maps.default\">\n\t\t\t\t<div class=\"elementor-widget-container\">\n\t\t\t<div class=\"elementor-custom-embed\"><iframe frameborder=\"0\" scrolling=\"no\" marginheight=\"0\" marginwidth=\"0\" src=\"https:\/\/maps.google.com\/maps?q=Palacio%20Municipal%20Oth%C3%B3n%20P.%20Blanco&amp;t=m&amp;z=15&amp;output=embed&amp;iwloc=near\" title=\"Palacio Municipal Oth\u00f3n P. Blanco\" aria-label=\"Palacio Municipal Oth\u00f3n P. Blanco\"><\/iframe><\/div>\t\t<\/div>\n\t\t\t\t<\/div>\n\t\t\t\t\t\t<\/div>\n\t\t\t\t\t<\/div>\n\t\t<\/div>\n\t\t\t\t\t\t\t\t<\/div>\n\t\t\t\t\t<\/div>\n\t\t<\/section>\n\t\t\t\t\t\t<\/div>\n\t\t\t\t\t\t<\/div>\n\t\t\t\t\t<\/div>\n\t\t","protected":false},"excerpt":{"rendered":"<p>Responsable de la unidad: Lic. Samantha Borja Castellanos Tel\u00e9fono:(983) 83 5 15 00 Ext. 7705 Direcci\u00f3n de correo electr\u00f3nico:transparencia@opb.gob.mx transparencia.opb@gmail.com \u00a0REALIZA TU SOLICITUD POR EL SISTEMA INFOMEX QUINTANA ROO \u00a0REALIZA TU SOLICITUD EN LA PLATAFORMA NACIONAL DE TRANSPARENCIA \u00a0CONSULTA LA INFORMACI\u00d3N MEDIANTE LA PLATAFORMA NACIONAL DE TRANSPARENCIA Domicilio:Av. \u00c1lvaro Obreg\u00f3n #321entre Emiliano Zapata y Rafael<\/p>\n","protected":false},"author":1,"featured_media":0,"parent":15476,"menu_order":0,"comment_status":"closed","ping_status":"closed","template":"","meta":[],"_links":{"self":[{"href":"http:\/\/www.opb.gob.mx\/portal\/index.php?rest_route=\/wp\/v2\/pages\/15733"}],"collection":[{"href":"http:\/\/www.opb.gob.mx\/portal\/index.php?rest_route=\/wp\/v2\/pages"}],"about":[{"href":"http:\/\/www.opb.gob.mx\/portal\/index.php?rest_route=\/wp\/v2\/types\/page"}],"author":[{"embeddable":true,"href":"http:\/\/www.opb.gob.mx\/portal\/index.php?rest_route=\/wp\/v2\/users\/1"}],"replies":[{"embeddable":true,"href":"http:\/\/www.opb.gob.mx\/portal\/index.php?rest_route=%2Fwp%2Fv2%2Fcomments&post=15733"}],"version-history":[{"count":15,"href":"http:\/\/www.opb.gob.mx\/portal\/index.php?rest_route=\/wp\/v2\/pages\/15733\/revisions"}],"predecessor-version":[{"id":15753,"href":"http:\/\/www.opb.gob.mx\/portal\/index.php?rest_route=\/wp\/v2\/pages\/15733\/revisions\/15753"}],"up":[{"embeddable":true,"href":"http:\/\/www.opb.gob.mx\/portal\/index.php?rest_route=\/wp\/v2\/pages\/15476"}],"wp:attachment":[{"href":"http:\/\/www.opb.gob.mx\/portal\/index.php?rest_route=%2Fwp%2Fv2%2Fmedia&parent=15733"}],"curies":[{"name":"wp","href":"https:\/\/api.w.org\/{rel}","templated":true}]}}