{"id":15786,"date":"2020-10-02T18:14:19","date_gmt":"2020-10-02T18:14:19","guid":{"rendered":"http:\/\/www.opb.gob.mx\/portal\/?page_id=15786"},"modified":"2022-02-04T03:53:00","modified_gmt":"2022-02-04T03:53:00","slug":"contraloria","status":"publish","type":"page","link":"http:\/\/www.opb.gob.mx\/portal\/?page_id=15786","title":{"rendered":"Contralor\u00eda"},"content":{"rendered":"\t\t<div data-elementor-type=\"wp-page\" data-elementor-id=\"15786\" class=\"elementor elementor-15786\" data-elementor-settings=\"[]\">\n\t\t\t\t\t\t<div class=\"elementor-inner\">\n\t\t\t\t\t\t\t<div class=\"elementor-section-wrap\">\n\t\t\t\t\t\t\t<section class=\"elementor-section elementor-top-section elementor-element elementor-element-c73e176 elementor-section-boxed elementor-section-height-default elementor-section-height-default\" data-id=\"c73e176\" data-element_type=\"section\">\n\t\t\t\t\t\t<div class=\"elementor-container elementor-column-gap-default\">\n\t\t\t\t\t\t\t<div class=\"elementor-row\">\n\t\t\t\t\t<div class=\"elementor-column elementor-col-100 elementor-top-column elementor-element elementor-element-649ad62\" data-id=\"649ad62\" data-element_type=\"column\">\n\t\t\t<div class=\"elementor-column-wrap elementor-element-populated\">\n\t\t\t\t\t\t\t<div class=\"elementor-widget-wrap\">\n\t\t\t\t\t\t<div class=\"elementor-element elementor-element-f030e04 elementor-widget elementor-widget-html\" data-id=\"f030e04\" data-element_type=\"widget\" data-widget_type=\"html.default\">\n\t\t\t\t<div class=\"elementor-widget-container\">\n\t\t\t<table class=\"table table-hover\">\r\n<thead>\r\n<tr>\r\n<th scope=\"col\" style=\"vertical-align:middle; text-align: center;\">No.<\/th>\r\n<th scope=\"col\" style=\"vertical-align:middle; text-align: center;\">Denominaci\u00f3n del servicio<\/th>\r\n<th scope=\"col\" style=\"vertical-align:middle; text-align: center;\">Tipo de usuario y\/o poblaci\u00f3n objetivo<\/th>\r\n<th scope=\"col\" style=\"vertical-align:middle; text-align: center;\">Tipo de tr\u00e1mite <\/th>\r\n<th scope=\"col\" style=\"vertical-align:middle; text-align: center;\">Requisitos<\/th>\r\n<th scope=\"col\" style=\"vertical-align:middle; text-align: center;\">Tiempo de respuesta<\/th>\r\n<th scope=\"col\" style=\"vertical-align:middle; text-align: center;\">Costo<\/th>\r\n<th scope=\"col\" style=\"vertical-align:middle; text-align: center;\">Lugar donde se efect\u00faa el servicio<\/th>\r\n\r\n<\/tr>\r\n<\/thead>\r\n<tbody>\r\n<tr>\r\n<th scope=\"row\">1<\/th>\r\n<td>RECEPCI\u00d3N DE QUEJAS<\/td>\r\n<td>POBLACI\u00d3N DE OPB<\/td>\r\n<td>PERSONAL<\/td>\r\n<td>LOS QUE TENGA A BIEN PRESENTAR EN SU MOMENTO COMO MEDIO PROBATORIO<br>\r\nFormato de Quejas y Denuncias<\/td>\r\n<td>DEPENDIENDO DE LA PROBLEM\u00c1TICA PLANTEADA<\/td>\r\n<td>NO APLICA<\/td>\r\n<td>CONTRALOR\u00cdA MUNICIPAL<\/td>\r\n<\/tr>\r\n<tr>\r\n<th scope=\"row\">2<\/th>\r\n<td>TRAM. COPIAS DE EXP. ADMI.<\/td>\r\n<td>SERVIDORES O EX SERVIDORES P\u00daBLICOS QUE SE ENCUENTREN LIGADOS DIRECTAMENTE CON LOS EXPEDIENTES ADMINISTRATIVOS DE RESPONSABILIDADES<\/td>\r\n<td>PERSONAL<\/td>\r\n<td>OFICIO DE SOLICITUD<br>\r\n<td>EN UN M\u00c1XIMO DE TRES D\u00cdAS HABILES<\/td>\r\n<td>SE DETERMINAR\u00c1 SEG\u00daN EL N\u00daMERO DE HOJAS CONTENIDAS EN EL EXPEDIENTE O EN CASO ESPECIFICO LAS SOLICITADAS<\/td>\r\n<td>CONTRALOR\u00cdA MUNICIPAL<\/td>\r\n<\/tr>\r\n<\/tbody>\r\n<\/table>\t\t<\/div>\n\t\t\t\t<\/div>\n\t\t\t\t\t\t<\/div>\n\t\t\t\t\t<\/div>\n\t\t<\/div>\n\t\t\t\t\t\t\t\t<\/div>\n\t\t\t\t\t<\/div>\n\t\t<\/section>\n\t\t\t\t<section class=\"elementor-section elementor-top-section elementor-element elementor-element-198a334 elementor-section-boxed elementor-section-height-default elementor-section-height-default\" data-id=\"198a334\" data-element_type=\"section\">\n\t\t\t\t\t\t<div class=\"elementor-container elementor-column-gap-default\">\n\t\t\t\t\t\t\t<div class=\"elementor-row\">\n\t\t\t\t\t<div class=\"elementor-column elementor-col-100 elementor-top-column elementor-element elementor-element-af488d3\" data-id=\"af488d3\" data-element_type=\"column\">\n\t\t\t<div class=\"elementor-column-wrap elementor-element-populated\">\n\t\t\t\t\t\t\t<div class=\"elementor-widget-wrap\">\n\t\t\t\t\t\t<div class=\"elementor-element elementor-element-0b891d1 elementor-widget elementor-widget-image\" data-id=\"0b891d1\" data-element_type=\"widget\" data-widget_type=\"image.default\">\n\t\t\t\t<div class=\"elementor-widget-container\">\n\t\t\t\t\t<div class=\"elementor-image\">\n\t\t\t\t\t\t\t\t\t\t<img width=\"768\" height=\"371\" src=\"http:\/\/www.opb.gob.mx\/portal\/wp-content\/uploads\/2021\/10\/2021-2024_png-768x371.png\" class=\"attachment-medium_large size-medium_large\" alt=\"\" loading=\"lazy\" srcset=\"http:\/\/www.opb.gob.mx\/portal\/wp-content\/uploads\/2021\/10\/2021-2024_png-768x371.png 768w, http:\/\/www.opb.gob.mx\/portal\/wp-content\/uploads\/2021\/10\/2021-2024_png-1536x742.png 1536w, http:\/\/www.opb.gob.mx\/portal\/wp-content\/uploads\/2021\/10\/2021-2024_png.png 1920w\" sizes=\"(max-width: 768px) 100vw, 768px\" \/>\t\t\t\t\t\t\t\t\t\t\t<\/div>\n\t\t\t\t<\/div>\n\t\t\t\t<\/div>\n\t\t\t\t\t\t<\/div>\n\t\t\t\t\t<\/div>\n\t\t<\/div>\n\t\t\t\t\t\t\t\t<\/div>\n\t\t\t\t\t<\/div>\n\t\t<\/section>\n\t\t\t\t\t\t<\/div>\n\t\t\t\t\t\t<\/div>\n\t\t\t\t\t<\/div>\n\t\t","protected":false},"excerpt":{"rendered":"<p>No. Denominaci\u00f3n del servicio Tipo de usuario y\/o poblaci\u00f3n objetivo Tipo de tr\u00e1mite Requisitos Tiempo de respuesta Costo Lugar donde se efect\u00faa el servicio 1 RECEPCI\u00d3N DE QUEJAS POBLACI\u00d3N DE OPB PERSONAL LOS QUE TENGA A BIEN PRESENTAR EN SU MOMENTO COMO MEDIO PROBATORIO Formato de Quejas y Denuncias DEPENDIENDO DE LA PROBLEM\u00c1TICA PLANTEADA NO<\/p>\n","protected":false},"author":1,"featured_media":0,"parent":0,"menu_order":0,"comment_status":"closed","ping_status":"closed","template":"","meta":[],"_links":{"self":[{"href":"http:\/\/www.opb.gob.mx\/portal\/index.php?rest_route=\/wp\/v2\/pages\/15786"}],"collection":[{"href":"http:\/\/www.opb.gob.mx\/portal\/index.php?rest_route=\/wp\/v2\/pages"}],"about":[{"href":"http:\/\/www.opb.gob.mx\/portal\/index.php?rest_route=\/wp\/v2\/types\/page"}],"author":[{"embeddable":true,"href":"http:\/\/www.opb.gob.mx\/portal\/index.php?rest_route=\/wp\/v2\/users\/1"}],"replies":[{"embeddable":true,"href":"http:\/\/www.opb.gob.mx\/portal\/index.php?rest_route=%2Fwp%2Fv2%2Fcomments&post=15786"}],"version-history":[{"count":5,"href":"http:\/\/www.opb.gob.mx\/portal\/index.php?rest_route=\/wp\/v2\/pages\/15786\/revisions"}],"predecessor-version":[{"id":21035,"href":"http:\/\/www.opb.gob.mx\/portal\/index.php?rest_route=\/wp\/v2\/pages\/15786\/revisions\/21035"}],"wp:attachment":[{"href":"http:\/\/www.opb.gob.mx\/portal\/index.php?rest_route=%2Fwp%2Fv2%2Fmedia&parent=15786"}],"curies":[{"name":"wp","href":"https:\/\/api.w.org\/{rel}","templated":true}]}}