{"id":19393,"date":"2021-11-09T18:44:24","date_gmt":"2021-11-09T18:44:24","guid":{"rendered":"http:\/\/www.opb.gob.mx\/portal\/?page_id=19393"},"modified":"2025-08-04T18:52:45","modified_gmt":"2025-08-04T18:52:45","slug":"denuncias-por-incumplimiento-a-las-obligaciones-de-transparencia","status":"publish","type":"page","link":"http:\/\/www.opb.gob.mx\/portal\/?page_id=19393","title":{"rendered":"Denuncias por Incumplimiento a las Obligaciones de Transparencia"},"content":{"rendered":"\t\t<div data-elementor-type=\"wp-page\" data-elementor-id=\"19393\" class=\"elementor elementor-19393\" data-elementor-settings=\"[]\">\n\t\t\t\t\t\t<div class=\"elementor-inner\">\n\t\t\t\t\t\t\t<div class=\"elementor-section-wrap\">\n\t\t\t\t\t\t\t<section class=\"elementor-section elementor-top-section elementor-element elementor-element-95459ef elementor-section-boxed elementor-section-height-default elementor-section-height-default\" data-id=\"95459ef\" data-element_type=\"section\">\n\t\t\t\t\t\t<div class=\"elementor-container elementor-column-gap-default\">\n\t\t\t\t\t\t\t<div class=\"elementor-row\">\n\t\t\t\t\t<div class=\"elementor-column elementor-col-100 elementor-top-column elementor-element elementor-element-955e06a\" data-id=\"955e06a\" data-element_type=\"column\">\n\t\t\t<div class=\"elementor-column-wrap elementor-element-populated\">\n\t\t\t\t\t\t\t<div class=\"elementor-widget-wrap\">\n\t\t\t\t\t\t<div class=\"elementor-element elementor-element-4d10571 elementor-widget elementor-widget-html\" data-id=\"4d10571\" data-element_type=\"widget\" data-widget_type=\"html.default\">\n\t\t\t\t<div class=\"elementor-widget-container\">\n\t\t\t<meta charset=\"utf-8\">\r\n    <meta name=\"viewport\" content=\"width=device-width, initial-scale=1\">\r\n\r\n    <link rel=\"stylesheet\" href=\"\/\/code.jquery.com\/ui\/1.12.1\/themes\/base\/jquery-ui.css\">\r\n    <link rel=\"stylesheet\" href=\"\/resources\/demos\/style.css\">\r\n    <script src=\"https:\/\/code.jquery.com\/jquery-1.12.4.js\"><\/script>\r\n    <script src=\"https:\/\/code.jquery.com\/ui\/1.12.1\/jquery-ui.js\"><\/script>\r\n    \r\n  <script>\r\n  jQuery(function($){\r\n      $('.et_pb_accordion .et_pb_toggle_open').addClass('et_pb_toggle_close').removeClass('et_pb_toggle_open');\r\n      $('.et_pb_accordion .et_pb_toggle').click(function() {\r\n        $this = $(this);\r\n        setTimeout(function(){\r\n           $this.closest('.et_pb_accordion').removeClass('et_pb_accordion_toggling');\r\n        },700);\r\n      });\r\n  });\r\n  <\/script>\r\n\r\n    <script>\r\n    $( function() {\r\n      $( \"#accordion_1\" ).accordion({\r\n        collapsible: true,\r\n        active: false\r\n      });\r\n    } );\r\n    <\/script>\r\n      <script>\r\n    $( function() {\r\n      $( \"#accordion_2\" ).accordion({\r\n        collapsible: true,\r\n        active: false\r\n      });\r\n    } );\r\n    <\/script>\r\n            <\/div>\r\n            <div id=\"accordion_1\">\r\n    <h3><strong><\/strong>DENUNCIAS POR INCUMPLIMIENTO A LAS OBLIGACIONES DE TRANSPARENCIA.<\/h3>\r\n      <div>\r\n        <table class=\"table table-hover\">\r\n          <thead>\r\n            <tr align=\"center\" style=\"align-content: center;\">\r\n              <th scope=\"col\">#<\/th>\r\n              <th scope=\"col\">General<\/th>\r\n              <th scope=\"col\" align=\"center\">Enlace<\/th>\r\n            <\/tr>\r\n          <\/thead>\r\n        <tbody>\r\n        <!--<tr>\r\n          <th scope=\"row\">1<\/th>\r\n            <td>Consultar informaci\u00f3n<\/td>\r\n            <td><p><a href=\"https:\/\/www.opb.gob.mx\/portal\/wp-content\/uploads\/2024\/06\/DENUNCIAS.xlsx\" target=\"_blank\">\r\n          <img loading=\"lazy\" src=\"http:\/\/www.opb.gob.mx\/portal\/wp-content\/uploads\/2022\/02\/applications_internet.png\" alt=\"enlace\" width=\"32 px\" height=\"32\"  data-recalc-dims=\"1\">\r\n          <\/a><\/p><\/td>\r\n        <\/tr>-->\r\n        <tr>\r\n          <th scope=\"row\">1<\/th>\r\n            <td>Denuncias<\/td>\r\n            <td><p><a href=\"https:\/\/docs.google.com\/spreadsheets\/d\/1V42KC5e4yllCpjnvBi4jxNjMwnXLhT4O\/edit?usp=sharing&ouid=117587738689562429978&rtpof=true&sd=true\" target=\"_blank\">\r\n          <img loading=\"lazy\" src=\"http:\/\/www.opb.gob.mx\/portal\/wp-content\/uploads\/2022\/02\/applications_internet.png\" alt=\"enlace\" width=\"32 px\" height=\"32\"  data-recalc-dims=\"1\">\r\n          <\/a><\/p><\/td>\r\n        <\/tr>\r\n        <\/tbody>\r\n        <\/table>\r\n      <\/div>\r\n  <\/div>\r\n  <\/head>\r\n  <body>\t\t<\/div>\n\t\t\t\t<\/div>\n\t\t\t\t\t\t<\/div>\n\t\t\t\t\t<\/div>\n\t\t<\/div>\n\t\t\t\t\t\t\t\t<\/div>\n\t\t\t\t\t<\/div>\n\t\t<\/section>\n\t\t\t\t<section class=\"elementor-section elementor-top-section elementor-element elementor-element-6815745 elementor-section-boxed elementor-section-height-default elementor-section-height-default\" data-id=\"6815745\" data-element_type=\"section\">\n\t\t\t\t\t\t<div class=\"elementor-container elementor-column-gap-default\">\n\t\t\t\t\t\t\t<div class=\"elementor-row\">\n\t\t\t\t\t<div class=\"elementor-column elementor-col-100 elementor-top-column elementor-element elementor-element-0b29362\" data-id=\"0b29362\" data-element_type=\"column\">\n\t\t\t<div class=\"elementor-column-wrap elementor-element-populated\">\n\t\t\t\t\t\t\t<div class=\"elementor-widget-wrap\">\n\t\t\t\t\t\t<div class=\"elementor-element elementor-element-6fc5e82 elementor-hidden-desktop elementor-hidden-tablet elementor-hidden-phone elementor-widget elementor-widget-html\" data-id=\"6fc5e82\" data-element_type=\"widget\" data-widget_type=\"html.default\">\n\t\t\t\t<div class=\"elementor-widget-container\">\n\t\t\t <style>\r\n    a { text-decoration: none; \r\n    }\r\n    .button {\r\n \r\n}\r\n  <\/style>\r\n\r\n<div class=\"container\">\r\n        <p style=\"font-size: 26px;\">DENUNCIAS POR INCUMPLIMIENTO A LAS OBLIGACIONES DE TRANSPARENCIA<\/p>\r\n    <div id=\"accordion\">\r\n        <div class=\"card\">\r\n            <div class=\"card-header\" id=\"2022-1\">\r\n                <h5 class=\"mb-0 d-inline\">\r\n                    <button data-toggle=\"collapse\" data-target=\"#collapseFour\" aria-expanded=\"true\" aria-controls=\"collapseFour\" style=\"background: none\">\r\n                      <p style=\"color: black;\">2022<\/p>\r\n                    <\/button>\r\n                 <\/h5>\r\n                 \r\n            <\/div>\r\n            <div id=\"collapseFour\" class=\"collapse show\" aria-labelledby=\"2022-1\" data-parent=\"#accordion\">\r\n                <div class=\"card-body\" id=\"child4\">\r\n                    \r\n                        \r\n                       \r\n  \r\n  <div>\r\n   <table class=\"table table-hover\">\r\n                      <thead>\r\n                        <tr>\r\n                          <th scope=\"col\">#<\/th>\r\n                          <th scope=\"col\">PERIODO QUE SE INFORMA<\/th>\r\n                          <th scope=\"col\">N\u00daMERO DE DENUNCIA<\/th>\r\n                          <th scope=\"col\">DETERMINACI\u00d3N \/ FALLO RESOLUCI\u00d3N, DESECHAMIENTO, SOBRESEIMIENTO)<\/th>\r\n                          <th scope=\"col\">OBSERVACIONES \/ NOTAS<\/th>\r\n                        <\/tr>\r\n                      <\/thead>\r\n                      <tbody>\r\n                      <tr>\r\n                        <th scope=\"row\">1<\/th>\r\n                        <td>01\/01\/2022 \u2013 31\/03\/2022<\/td>\r\n                        <td>CV-DOT\/01-22\/JOER<\/td>\r\n                        <td><\/td>\r\n                        <td>Se encuentra en Revisi\u00f3n Virtual por parte del Instituto de Acceso a la Informaci\u00f3n y Protecci\u00f3n de Datos Personales de Quintana Roo (IDAIPQROO)<\/td>\r\n                      <\/tr>\r\n\r\n                      <tr>\r\n                        <th scope=\"row\">2<\/th>\r\n                        <td><\/td>\r\n                        <td>CV-DOT\/02-22\/MELO<\/td>\r\n                        <td>Desechamiento<\/td>\r\n                        <td><\/td>\r\n                      <\/tr>\r\n\r\n                      <tr>\r\n                        <th scope=\"row\">3<\/th>\r\n                        <td><\/td>\r\n                        <td>CV-DOT\/89-21\/JOER Y SUS ACUMULADOS<\/td>\r\n                        <td><\/td>\r\n                        <td>Se encuentra en determinaci\u00f3n de Fallo, resoluci\u00f3n, desechamiento o sobreseimiento<\/td>\r\n                      <\/tr>\r\n\r\n                      <tr>\r\n                        <th scope=\"row\">4<\/th>\r\n                        <td><\/td>\r\n                        <td>CV-DOT\/98-21\/MELO<\/td>\r\n                        <td>Sobreseimiento<\/td>\r\n                        <td><\/td>\r\n                      <\/tr>\r\n\r\n                      <tr>\r\n                        <th scope=\"row\">5<\/th>\r\n                        <td><\/td>\r\n                        <td>CV-DOT\/102-22\/JRAY<\/td>\r\n                        <td><\/td>\r\n                        <td>Se encuentra en Revisi\u00f3n Virtual por parte del Instituto de Acceso a la Informaci\u00f3n y Protecci\u00f3n de Datos Personales de Quintana Roo (IDAIPQROO)<\/td>\r\n                      <\/tr>\r\n\r\n                      <tr>\r\n                        <th scope=\"row\">6<\/th>\r\n                        <td><\/td>\r\n                        <td>CV-DOT\/1023-22\/JOER<\/td>\r\n                        <td>Desechamiento<\/td>\r\n                        <td><\/td>\r\n                      <\/tr>\r\n\r\n                      <tr>\r\n                        <th scope=\"row\">7<\/th>\r\n                        <td>01\/04\/2022 \u2013 30\/06\/2022<\/td>\r\n                        <td>CV-DOT\/128-22\/MELO<\/td>\r\n                        <td><\/td>\r\n                        <td>Se encuentra en Revisi\u00f3n Virtual por parte del Instituto de Acceso a la Informaci\u00f3n y Protecci\u00f3n de Datos Personales de Quintana Roo (IDAIPQROO)<\/td>\r\n                      <\/tr>\r\n\r\n                      <tr>\r\n                        <th scope=\"row\">8<\/th>\r\n                        <td><\/td>\r\n                        <td>CV-DOT\/164-22\/MELO<\/td>\r\n                        <td><\/td>\r\n                        <td>Se encuentra en Revisi\u00f3n Virtual por parte del Instituto de Acceso a la Informaci\u00f3n y Protecci\u00f3n de Datos Personales de Quintana Roo (IDAIPQROO)<\/td>\r\n                      <\/tr>\r\n\r\n                      <tr>\r\n                        <th scope=\"row\">9<\/th>\r\n                        <td><\/td>\r\n                        <td>CV-DOT\/165-22\/MELO<\/td>\r\n                        <td><\/td>\r\n                        <td>Se encuentra en Revisi\u00f3n Virtual por parte del Instituto de Acceso a la Informaci\u00f3n y Protecci\u00f3n de Datos Personales de Quintana Roo (IDAIPQROO)<\/td>\r\n                      <\/tr>\r\n                      \r\n                      <tr>\r\n                        <th scope=\"row\">10<\/th>\r\n                        <td>01\/07\/2022 \u2013 30\/09\/2022<\/td>\r\n                        <td><\/td>\r\n                        <td><\/td>\r\n                        <td><\/td>\r\n                      <\/tr>\r\n\r\n                      <tr>\r\n                        <th scope=\"row\">11<\/th>\r\n                        <td>01\/10\/2022 \u2013 31\/12\/2022<\/td>\r\n                        <td><\/td>\r\n                        <td><\/td>\r\n                        <td><\/td>\r\n                      <\/tr>\r\n\r\n                      <\/tbody>\r\n                      <\/table>\r\n<\/div>\r\n\r\n                        \r\n                <\/div>\r\n            <\/div>\r\n        <\/div>\r\n        \r\n        \r\n            <div class=\"card-header\" id=\"2022-3\">\r\n              <h5 class=\"mb-0\">\r\n                <button data-toggle=\"collapse\" data-target=\"#collapsesix\" aria-expanded=\"false\" aria-controls=\"collapsesix\" style=\"background: none ;\">\r\n                  <p style=\"color: black;\">2021<\/p>\r\n                <\/button>\r\n            <\/h5>\r\n            <\/div>\r\n            <div id=\"collapsesix\" class=\"collapse\" aria-labelledby=\"2022-3\" data-parent=\"#accordion\">\r\n                <div class=\"card-body\">\r\n                   <div>\r\n                      <table class=\"table table-hover\">\r\n                      <thead>\r\n                        <tr>\r\n                          <th scope=\"col\">#<\/th>\r\n                          <th scope=\"col\">PERIODO QUE SE INFORMA<\/th>\r\n                          <th scope=\"col\">N\u00daMERO DE DENUNCIA<\/th>\r\n                          <th scope=\"col\">DETERMINACI\u00d3N \/ FALLO RESOLUCI\u00d3N, DESECHAMIENTO, SOBRESEIMIENTO)<\/th>\r\n                          <th scope=\"col\">OBSERVACIONES \/ NOTAS<\/th>\r\n                        <\/tr>\r\n                      <\/thead>\r\n                      <tbody>\r\n                      <tr>\r\n                        <th scope=\"row\">1<\/th>\r\n                        <td>01\/01\/2021 \u2013 31\/03\/2021<\/td>\r\n                        <td><\/td>\r\n                        <td><\/td>\r\n                        <td><\/td>\r\n                      <\/tr>\r\n                      <tr>\r\n                        <th scope=\"row\">2<\/th>\r\n                        <td>01\/04\/2021 \u2013 30\/06\/2021<\/td>\r\n                        <td><\/td>\r\n                        <td><\/td>\r\n                        <td><\/td>\r\n                      <\/tr>\r\n                      <tr>\r\n                        <th scope=\"row\">3<\/th>\r\n                        <td>01\/07\/2021 \u2013 30\/09\/2021<\/td>\r\n                        <td>CV-DOT\/673-19\/JOER Y SU ACUMULADO<\/td>\r\n                        <td>Sobreseimiento<\/td>\r\n                        <td><\/td>\r\n                      <\/tr>\r\n                      <tr>\r\n                        <th scope=\"row\">4<\/th>\r\n                        <td><\/td>\r\n                        <td>CV-DOT\/670-19\/JOER<\/td>\r\n                        <td>Sobreseimiento<\/td>\r\n                        <td><\/td>\r\n                      <\/tr>\r\n                      <tr>\r\n                        <th scope=\"row\">5<\/th>\r\n                        <td>01\/10\/2021 \u2013 31\/12\/2021<\/td>\r\n                        <td>CV-DOT\/641-19\/CYDV<\/td>\r\n                        <td><\/td>\r\n                        <td>Se encuentra en determinaci\u00f3n de Fallo, resoluci\u00f3n, desechamiento o sobreseimiento, por parte del Instituto de Acceso a la Informaci\u00f3n y Protecci\u00f3n de Datos Personales de Quintana Roo (IDAIPQROO)<\/td>\r\n                      <\/tr>\r\n                      <tr>\r\n                        <th scope=\"row\">6<\/th>\r\n                        <td><\/td>\r\n                        <td>CV-DOT\/633-19\/NJLB<\/td>\r\n                        <td><\/td>\r\n                        <td>Se encuentra en determinaci\u00f3n de Fallo, resoluci\u00f3n, desechamiento o sobreseimiento, por parte del Instituto de Acceso a la Informaci\u00f3n y Protecci\u00f3n de Datos Personales de Quintana Roo (IDAIPQROO)<\/td>\r\n                      <\/tr>\r\n\r\n                      \r\n\r\n                      <\/tbody>\r\n                      <\/table>\r\n                  <\/div>\r\n                <\/div>\r\n            <\/div>\r\n    <\/div>\r\n<\/div>\t\t<\/div>\n\t\t\t\t<\/div>\n\t\t\t\t\t\t<\/div>\n\t\t\t\t\t<\/div>\n\t\t<\/div>\n\t\t\t\t\t\t\t\t<\/div>\n\t\t\t\t\t<\/div>\n\t\t<\/section>\n\t\t\t\t<section class=\"elementor-section elementor-top-section elementor-element elementor-element-0124490 elementor-section-boxed elementor-section-height-default elementor-section-height-default\" data-id=\"0124490\" data-element_type=\"section\">\n\t\t\t\t\t\t<div class=\"elementor-container elementor-column-gap-default\">\n\t\t\t\t\t\t\t<div class=\"elementor-row\">\n\t\t\t\t\t<div class=\"elementor-column elementor-col-100 elementor-top-column elementor-element elementor-element-e19c3f3\" data-id=\"e19c3f3\" data-element_type=\"column\">\n\t\t\t<div class=\"elementor-column-wrap elementor-element-populated\">\n\t\t\t\t\t\t\t<div class=\"elementor-widget-wrap\">\n\t\t\t\t\t\t<div class=\"elementor-element elementor-element-4adfaba elementor-widget elementor-widget-image\" data-id=\"4adfaba\" data-element_type=\"widget\" data-widget_type=\"image.default\">\n\t\t\t\t<div class=\"elementor-widget-container\">\n\t\t\t\t\t<div class=\"elementor-image\">\n\t\t\t\t\t\t\t\t\t\t<img width=\"768\" height=\"240\" src=\"http:\/\/www.opb.gob.mx\/portal\/wp-content\/uploads\/2021\/10\/Cintillo-768x240.png\" class=\"attachment-medium_large size-medium_large\" alt=\"\" loading=\"lazy\" srcset=\"http:\/\/www.opb.gob.mx\/portal\/wp-content\/uploads\/2021\/10\/Cintillo-768x240.png 768w, http:\/\/www.opb.gob.mx\/portal\/wp-content\/uploads\/2021\/10\/Cintillo.png 1250w\" sizes=\"(max-width: 768px) 100vw, 768px\" \/>\t\t\t\t\t\t\t\t\t\t\t<\/div>\n\t\t\t\t<\/div>\n\t\t\t\t<\/div>\n\t\t\t\t\t\t<\/div>\n\t\t\t\t\t<\/div>\n\t\t<\/div>\n\t\t\t\t\t\t\t\t<\/div>\n\t\t\t\t\t<\/div>\n\t\t<\/section>\n\t\t\t\t\t\t<\/div>\n\t\t\t\t\t\t<\/div>\n\t\t\t\t\t<\/div>\n\t\t","protected":false},"excerpt":{"rendered":"<p>DENUNCIAS POR INCUMPLIMIENTO A LAS OBLIGACIONES DE TRANSPARENCIA. # General Enlace 1 Denuncias DENUNCIAS POR INCUMPLIMIENTO A LAS OBLIGACIONES DE TRANSPARENCIA 2022 # PERIODO QUE SE INFORMA N\u00daMERO DE DENUNCIA DETERMINACI\u00d3N \/ FALLO RESOLUCI\u00d3N, DESECHAMIENTO, SOBRESEIMIENTO) OBSERVACIONES \/ NOTAS 1 01\/01\/2022 \u2013 31\/03\/2022 CV-DOT\/01-22\/JOER Se encuentra en Revisi\u00f3n Virtual por parte del Instituto de Acceso<\/p>\n","protected":false},"author":1,"featured_media":0,"parent":15476,"menu_order":2,"comment_status":"closed","ping_status":"closed","template":"","meta":[],"_links":{"self":[{"href":"http:\/\/www.opb.gob.mx\/portal\/index.php?rest_route=\/wp\/v2\/pages\/19393"}],"collection":[{"href":"http:\/\/www.opb.gob.mx\/portal\/index.php?rest_route=\/wp\/v2\/pages"}],"about":[{"href":"http:\/\/www.opb.gob.mx\/portal\/index.php?rest_route=\/wp\/v2\/types\/page"}],"author":[{"embeddable":true,"href":"http:\/\/www.opb.gob.mx\/portal\/index.php?rest_route=\/wp\/v2\/users\/1"}],"replies":[{"embeddable":true,"href":"http:\/\/www.opb.gob.mx\/portal\/index.php?rest_route=%2Fwp%2Fv2%2Fcomments&post=19393"}],"version-history":[{"count":16,"href":"http:\/\/www.opb.gob.mx\/portal\/index.php?rest_route=\/wp\/v2\/pages\/19393\/revisions"}],"predecessor-version":[{"id":29460,"href":"http:\/\/www.opb.gob.mx\/portal\/index.php?rest_route=\/wp\/v2\/pages\/19393\/revisions\/29460"}],"up":[{"embeddable":true,"href":"http:\/\/www.opb.gob.mx\/portal\/index.php?rest_route=\/wp\/v2\/pages\/15476"}],"wp:attachment":[{"href":"http:\/\/www.opb.gob.mx\/portal\/index.php?rest_route=%2Fwp%2Fv2%2Fmedia&parent=19393"}],"curies":[{"name":"wp","href":"https:\/\/api.w.org\/{rel}","templated":true}]}}