{"id":20411,"date":"2022-01-06T19:08:55","date_gmt":"2022-01-06T19:08:55","guid":{"rendered":"http:\/\/www.opb.gob.mx\/portal\/?page_id=20411"},"modified":"2026-02-03T15:32:02","modified_gmt":"2026-02-03T15:32:02","slug":"elementor-20411","status":"publish","type":"page","link":"http:\/\/www.opb.gob.mx\/portal\/?page_id=20411","title":{"rendered":"j) ESTAD\u00cdSTICAS DE DESEMPE\u00d1O DE LOS CUERPOS POLICIALES Y PROGRAMAS DE PREVENCI\u00d3N DEL DELITO"},"content":{"rendered":"\t\t<div data-elementor-type=\"wp-page\" data-elementor-id=\"20411\" class=\"elementor elementor-20411\" data-elementor-settings=\"[]\">\n\t\t\t\t\t\t<div class=\"elementor-inner\">\n\t\t\t\t\t\t\t<div class=\"elementor-section-wrap\">\n\t\t\t\t\t\t\t<section class=\"elementor-section elementor-top-section elementor-element elementor-element-babc297 elementor-section-boxed elementor-section-height-default elementor-section-height-default\" data-id=\"babc297\" data-element_type=\"section\">\n\t\t\t\t\t\t<div class=\"elementor-container elementor-column-gap-default\">\n\t\t\t\t\t\t\t<div class=\"elementor-row\">\n\t\t\t\t\t<div class=\"elementor-column elementor-col-100 elementor-top-column elementor-element elementor-element-7d05f54\" data-id=\"7d05f54\" data-element_type=\"column\">\n\t\t\t<div class=\"elementor-column-wrap elementor-element-populated\">\n\t\t\t\t\t\t\t<div class=\"elementor-widget-wrap\">\n\t\t\t\t\t\t<div class=\"elementor-element elementor-element-092b4e2 elementor-widget elementor-widget-text-editor\" data-id=\"092b4e2\" data-element_type=\"widget\" data-widget_type=\"text-editor.default\">\n\t\t\t\t<div class=\"elementor-widget-container\">\n\t\t\t\t\t<div class=\"elementor-text-editor elementor-clearfix\"><h4>DIRECCI\u00d3N GENERAL DE SEGURIDAD P\u00daBLICA Y TR\u00c1NSITO MUNICIPAL<\/h4>\n<p style=\"text-align: center;\"><strong><span style=\"font-size: 18pt;\">2025<\/span><\/strong><\/p>\n\n<table width=\"100%\">\n<tbody>\n<tr style=\"background-color: #2eb5a7;\">\n<td style=\"text-align: center;\" colspan=\"2\"><span style=\"color: #ffffff;\"><strong>ESTAD\u00cdSTICAS DE DESEMPE\u00d1O DE LOS CUERPOS POLICIALES <\/strong><\/span><\/td>\n<\/tr>\n<tr>\n<td>ESTAD\u00cdSTICAS DE DESEMPE\u00d1O DE LOS CUERPOS POLICIALES 1ER. TRIMESTRE<\/td>\n<td><a href=\"https:\/\/www.opb.gob.mx\/portal\/wp-content\/uploads\/2025\/transparencia\/art%2093\/J\/PREVENCI%C3%93N%201%C2%B0%20TRIMESTRE%202025.pptx\" target=\"_blank\" rel=\"noopener\"><img loading=\"lazy\" src=\"http:\/\/www.opb.gob.mx\/portal\/wp-content\/uploads\/2024\/04\/pdf-download-2617.png\" alt=\"\" width=\"45\" height=\"58\" \/><\/a><\/td>\n<\/tr>\n<tr>\n<td>ESTAD\u00cdSTICAS DE DESEMPE\u00d1O DE LOS CUERPOS POLICIALES 2DO. TRIMESTRE<\/td>\n<td><a href=\"https:\/\/www.opb.gob.mx\/portal\/wp-content\/uploads\/2025\/transparencia\/art%2093\/J\/PREVENCI%C3%93N%202%20TRIM%202025.pptx\" target=\"_blank\" rel=\"noopener\"><img loading=\"lazy\" src=\"http:\/\/www.opb.gob.mx\/portal\/wp-content\/uploads\/2024\/04\/pdf-download-2617.png\" alt=\"\" width=\"45\" height=\"58\" \/><\/a><\/td>\n<\/tr>\n<tr>\n<td>ESTAD\u00cdSTICAS DE DESEMPE\u00d1O DE LOS CUERPOS POLICIALES 3ER. TRIMESTRE<\/td>\n<td><a href=\"https:\/\/www.opb.gob.mx\/portal\/wp-content\/uploads\/2025\/transparencia\/art%2093\/J\/PREVENCI%C3%93N%203%20TRIMESTRE.pptx\" target=\"_blank\" rel=\"noopener\"><img loading=\"lazy\" src=\"http:\/\/www.opb.gob.mx\/portal\/wp-content\/uploads\/2024\/04\/pdf-download-2617.png\" alt=\"\" width=\"45\" height=\"58\" \/><\/a><\/td>\n<\/tr>\n<tr>\n<td>ESTAD\u00cdSTICAS DE DESEMPE\u00d1O DE LOS CUERPOS POLICIALES 4TO. TRIMESTRE<\/td>\n<td><a href=\"https:\/\/www.opb.gob.mx\/portal\/wp-content\/uploads\/2025\/transparencia\/art%2093\/J\/4%20TRIMESTRE%20PREVENCI%C3%93N%202025.pptx\" target=\"_blank\" rel=\"noopener\"><img loading=\"lazy\" src=\"http:\/\/www.opb.gob.mx\/portal\/wp-content\/uploads\/2024\/04\/pdf-download-2617.png\" alt=\"\" width=\"45\" height=\"58\" \/><\/a><\/td>\n<\/tr>\n\n<\/tbody>\n<\/table>\n\n\n<h4>DIRECCI\u00d3N GENERAL DE SEGURIDAD P\u00daBLICA Y TR\u00c1NSITO MUNICIPAL<\/h4>\n<p style=\"text-align: center;\"><strong><span style=\"font-size: 18pt;\">2024<\/span><\/strong><\/p>\n\n<table width=\"100%\">\n<tbody>\n<tr style=\"background-color: #2eb5a7;\">\n<td style=\"text-align: center;\" colspan=\"2\"><span style=\"color: #ffffff;\"><strong>ESTAD\u00cdSTICAS DE DESEMPE\u00d1O DE LOS CUERPOS POLICIALES <\/strong><\/span><\/td>\n<\/tr>\n<tr>\n<td>ESTAD\u00cdSTICAS DE DESEMPE\u00d1O DE LOS CUERPOS POLICIALES 1ER. TRIMESTRE<\/td>\n<td><a href=\"https:\/\/www.opb.gob.mx\/portal\/wp-content\/uploads\/transparencia\/2023\/93\/INCISO%20J\/Prevenci%C3%B3n%201%202024%20Trim.pptx\" target=\"_blank\" rel=\"noopener\"><img loading=\"lazy\" src=\"http:\/\/www.opb.gob.mx\/portal\/wp-content\/uploads\/2024\/04\/pdf-download-2617.png\" alt=\"\" width=\"45\" height=\"58\" \/><\/a><\/td>\n<\/tr>\n<tr>\n<td>ESTAD\u00cdSTICAS DE DESEMPE\u00d1O DE LOS CUERPOS POLICIALES 2DO. TRIMESTRE<\/td>\n<td><a href=\"https:\/\/www.opb.gob.mx\/portal\/wp-content\/uploads\/transparencia\/2023\/93\/INCISO%20J\/Prevenci%C3%B3n%202%20TRIM%202024.pptx\" target=\"_blank\" rel=\"noopener\"><img loading=\"lazy\" src=\"http:\/\/www.opb.gob.mx\/portal\/wp-content\/uploads\/2024\/04\/pdf-download-2617.png\" alt=\"\" width=\"45\" height=\"58\" \/><\/a><\/td>\n<\/tr>\n<tr>\n<td>ESTAD\u00cdSTICAS DE DESEMPE\u00d1O DE LOS CUERPOS POLICIALES 3ER. TRIMESTRE<\/td>\n<td><a href=\"https:\/\/www.opb.gob.mx\/portal\/wp-content\/uploads\/transparencia\/2023\/93\/INCISO%20J\/TERCER%20TRIM%202024%20PREVENCI%C3%93N.pptx\" target=\"_blank\" rel=\"noopener\"><img loading=\"lazy\" src=\"http:\/\/www.opb.gob.mx\/portal\/wp-content\/uploads\/2024\/04\/pdf-download-2617.png\" alt=\"\" width=\"45\" height=\"58\" \/><\/a><\/td>\n<\/tr>\n<tr>\n<td>ESTAD\u00cdSTICAS DE DESEMPE\u00d1O DE LOS CUERPOS POLICIALES 4to. TRIMESTRE<\/td>\n<td><a href=\"https:\/\/www.opb.gob.mx\/portal\/wp-content\/uploads\/transparencia\/2023\/93\/INCISO%20J\/4%20Trim.%202024%20Prevenci%C3%B3n.pptx\" target=\"_blank\" rel=\"noopener\"><img loading=\"lazy\" src=\"http:\/\/www.opb.gob.mx\/portal\/wp-content\/uploads\/2024\/04\/pdf-download-2617.png\" alt=\"\" width=\"45\" height=\"58\" \/><\/a><\/td>\n<\/tr>\n<\/tbody>\n<\/table>\n<table width=\"100%\">\n<tbody>\n<tr style=\"background-color: #2eb5a7;\">\n<td style=\"text-align: center;\" colspan=\"2\"><span style=\"color: #ffffff;\"><strong>ESTAD\u00cdSTICAS DE DESEMPE\u00d1O DE LOS CUERPOS POLICIALES Y PROGRAMAS DE PREVENCI\u00d3N DEL DELITO 2023<\/strong><\/span><\/td>\n<\/tr>\n<tr>\n<td>ESTAD\u00cdSTICAS DE DESEMPE\u00d1O DE LOS CUERPOS POLICIALES 4TO TRIMESTRE<\/td>\n<td><a href=\"https:\/\/www.opb.gob.mx\/portal\/wp-content\/uploads\/transparencia\/2023\/93\/INCISO%20J\/4%20TRIM%20PREVENCI%C3%93N_.pptx\" target=\"_blank\" rel=\"noopener\"><img loading=\"lazy\" src=\"http:\/\/www.opb.gob.mx\/portal\/wp-content\/uploads\/2024\/04\/pdf-download-2617.png\" alt=\"\" width=\"45\" height=\"58\" \/><\/a><\/td>\n<\/tr>\n<tr>\n<td>ESTAD\u00cdSTICAS DE DESEMPE\u00d1O DE LOS CUERPOS POLICIALES 3ER TRIMESTRE<\/td>\n<td><a href=\"https:\/\/www.opb.gob.mx\/portal\/wp-content\/uploads\/transparencia\/2023\/93\/INCISO%20J\/3%20TRIM%20PREVENCI%C3%93N.pptx\" target=\"_blank\" rel=\"noopener\"><img loading=\"lazy\" src=\"http:\/\/www.opb.gob.mx\/portal\/wp-content\/uploads\/2024\/04\/pdf-download-2617.png\" alt=\"\" width=\"45\" height=\"58\" \/><\/a><\/td>\n<\/tr>\n<tr>\n<td>ESTAD\u00cdSTICAS DE DESEMPE\u00d1O DE LOS CUERPOS POLICIALES 1ER TRIMESTRE<\/td>\n<td><a href=\"http:\/\/www.opb.gob.mx\/portal\/wp-content\/uploads\/transparencia\/2023\/93\/INCISO%20J\/Prevenci%C3%B3n%201%20Trim.%202023.pptx\" target=\"_blank\" rel=\"noopener\"><img loading=\"lazy\" src=\"http:\/\/www.opb.gob.mx\/portal\/wp-content\/uploads\/2024\/04\/pdf-download-2617.png\" alt=\"\" width=\"45\" height=\"58\" \/><\/a><\/td>\n<\/tr>\n<tr>\n<td>ESTAD\u00cdSTICAS DE DESEMPE\u00d1O DE LOS CUERPOS POLICIALES 2DO TRIMESTRE<\/td>\n<td><a href=\"http:\/\/www.opb.gob.mx\/portal\/wp-content\/uploads\/transparencia\/2023\/93\/INCISO%20J\/SEGUNDO%20TRIMESTRE%20PREVENCI%C3%93N%20%202023.pdf\" target=\"_blank\" rel=\"noopener\"><img loading=\"lazy\" src=\"http:\/\/www.opb.gob.mx\/portal\/wp-content\/uploads\/2024\/04\/pdf-download-2617.png\" alt=\"\" width=\"45\" height=\"58\" \/><\/a><\/td>\n<\/tr>\n<\/tbody>\n<\/table>\n<h4>DIRECCI\u00d3N GENERAL DE SEGURIDAD P\u00daBLICA Y TR\u00c1NSITO MUNICIPAL<\/h4>\n<p style=\"text-align: center;\"><strong><span style=\"font-size: 18pt;\">2022<\/span><\/strong><\/p>\n\n<table width=\"100%\">\n<tbody>\n<tr style=\"background-color: #2eb5a7;\">\n<td style=\"text-align: center;\" colspan=\"2\"><span style=\"color: #ffffff;\"><strong>ESTAD\u00cdSTICAS DE DESEMPE\u00d1O DE LOS CUERPOS POLICIALES 2022<\/strong><\/span><\/td>\n<\/tr>\n<tr>\n<td>ESTAD\u00cdSTICAS DE DESEMPE\u00d1O DE LOS CUERPOS POLICIALES 4TO TRIMESTRE<\/td>\n<td><a href=\"http:\/\/www.opb.gob.mx\/portal\/wp-content\/uploads\/transparencia\/2022\/93\/INCISO%20J\/2022\/4%20TRIM%20PREVENCI%C3%93N.pptx\" target=\"_blank\" rel=\"noopener\"><img loading=\"lazy\" class=\"alignnone\" src=\"http:\/\/www.opb.gob.mx\/portal\/wp-content\/uploads\/2024\/04\/pdf-download-2617.png\" alt=\"\" width=\"45\" height=\"58\" \/><\/a><\/td>\n<\/tr>\n<tr>\n<td>ESTAD\u00cdSTICAS DE DESEMPE\u00d1O DE LOS CUERPOS POLICIALES 3ER TRIMESTRE<\/td>\n<td><a href=\"http:\/\/www.opb.gob.mx\/portal\/wp-content\/uploads\/transparencia\/2022\/93\/INCISO%20J\/2022\/INCISO%20J%203%20TRIMESTRE.pptx\" target=\"_blank\" rel=\"noopener\"><img loading=\"lazy\" src=\"http:\/\/www.opb.gob.mx\/portal\/wp-content\/uploads\/2024\/04\/pdf-download-2617.png\" alt=\"\" width=\"45\" height=\"58\" \/><\/a><\/td>\n<\/tr>\n<tr>\n<td>ESTAD\u00cdSTICAS DE DESEMPE\u00d1O DE LOS CUERPOS POLICIALES 2DO TRIMESTRE<\/td>\n<td><a href=\"http:\/\/www.opb.gob.mx\/portal\/wp-content\/uploads\/transparencia\/2022\/93\/INCISO%20J\/2022\/POLICIA%202%20TRIM.pptx\" target=\"_blank\" rel=\"noopener\"><img loading=\"lazy\" src=\"http:\/\/www.opb.gob.mx\/portal\/wp-content\/uploads\/2024\/04\/pdf-download-2617.png\" alt=\"\" width=\"45\" height=\"58\" \/><\/a><\/td>\n<\/tr>\n<tr>\n<td>ESTAD\u00cdSTICAS DE DESEMPE\u00d1O DE LOS CUERPOS POLICIALES 1ER TRIMESTRE<\/td>\n<td><a href=\"http:\/\/www.opb.gob.mx\/portal\/wp-content\/uploads\/transparencia\/2022\/93\/INCISO%20J\/2022\/POLICIA%201%20TRIM.pptx\" target=\"_blank\" rel=\"noopener\"><img loading=\"lazy\" src=\"http:\/\/www.opb.gob.mx\/portal\/wp-content\/uploads\/2024\/04\/pdf-download-2617.png\" alt=\"\" width=\"45\" height=\"58\" \/><\/a><\/td>\n<\/tr>\n<\/tbody>\n<\/table>\n<h4>DIRECCI\u00d3N GENERAL DE SEGURIDAD P\u00daBLICA Y TR\u00c1NSITO MUNICIPAL<\/h4>\n<p style=\"text-align: center;\"><strong><span style=\"font-size: 18pt;\">2021<\/span><\/strong><\/p>\n\n<table width=\"100%\">\n<tbody>\n<tr style=\"background-color: #2eb5a7;\">\n<td style=\"text-align: center;\" colspan=\"2\"><span style=\"color: #ffffff;\"><strong>ESTAD\u00cdSTICAS DE DESEMPE\u00d1O DE LOS CUERPOS POLICIALES 2021<\/strong><\/span><\/td>\n<\/tr>\n<tr>\n<td>ESTAD\u00cdSTICAS DE DESEMPE\u00d1O DE LOS CUERPOS POLICIALES 4TO TRIMESTRE<\/td>\n<td><a href=\"http:\/\/www.opb.gob.mx\/portal\/wp-content\/uploads\/transparencia\/93\/I\/j\/2021\/XXX.%20PREVENCI%C3%93N%20-%204trim.pdf\" target=\"_blank\" rel=\"noopener\"><img loading=\"lazy\" src=\"http:\/\/www.opb.gob.mx\/portal\/wp-content\/uploads\/2024\/04\/pdf-download-2617.png\" alt=\"\" width=\"45\" height=\"58\" \/><\/a><\/td>\n<\/tr>\n<tr>\n<td>ESTAD\u00cdSTICAS DE DESEMPE\u00d1O DE LOS CUERPOS POLICIALES 3ER TRIMESTRE<\/td>\n<td><a href=\"http:\/\/www.opb.gob.mx\/portal\/wp-content\/uploads\/transparencia\/93\/I\/j\/2021\/XXX.%20PREVENCI%C3%93N%20-%203trim.pdf\" target=\"_blank\" rel=\"noopener\"><img loading=\"lazy\" src=\"http:\/\/www.opb.gob.mx\/portal\/wp-content\/uploads\/2024\/04\/pdf-download-2617.png\" alt=\"\" width=\"45\" height=\"58\" \/><\/a><\/td>\n<\/tr>\n<tr>\n<td>ESTAD\u00cdSTICAS DE DESEMPE\u00d1O DE LOS CUERPOS POLICIALES 2DO TRIMESTRE<\/td>\n<td><a href=\"http:\/\/www.opb.gob.mx\/portal\/wp-content\/uploads\/transparencia\/93\/I\/j\/2021\/XXX.%20PREVENCI%C3%93N%20-%202trim.pdf\" target=\"_blank\" rel=\"noopener\"><img loading=\"lazy\" src=\"http:\/\/www.opb.gob.mx\/portal\/wp-content\/uploads\/2024\/04\/pdf-download-2617.png\" alt=\"\" width=\"45\" height=\"58\" \/><\/a><\/td>\n<\/tr>\n<tr>\n<td>ESTAD\u00cdSTICAS DE DESEMPE\u00d1O DE LOS CUERPOS POLICIALES 1ER TRIMESTRE<\/td>\n<td><a href=\"http:\/\/www.opb.gob.mx\/portal\/wp-content\/uploads\/transparencia\/93\/I\/j\/2021\/XXX.%20PREVENCION%20-%201trim.pdf\" target=\"_blank\" rel=\"noopener\"><img loading=\"lazy\" src=\"http:\/\/www.opb.gob.mx\/portal\/wp-content\/uploads\/2024\/04\/pdf-download-2617.png\" alt=\"\" width=\"45\" height=\"58\" \/><\/a><\/td>\n<\/tr>\n<\/tbody>\n<\/table>\n<table width=\"100%\">\n<tbody>\n<tr style=\"background-color: #2eb5a7;\">\n<td style=\"text-align: center;\" colspan=\"2\"><span style=\"color: #ffffff;\"><strong>PROGRAMAS DE PREVENCI\u00d3N DEL DELITO 2021<\/strong><\/span><\/td>\n<\/tr>\n<tr>\n<td>PROGRAMAS DE PREVENCI\u00d3N DEL DELITO 4TO TRIMESTRE<\/td>\n<td><a href=\"http:\/\/www.opb.gob.mx\/portal\/wp-content\/uploads\/transparencia\/93\/I\/j\/2021\/ART93%20Fracc.%201J%20-%204%20trim.xlsx\" target=\"_blank\" rel=\"noopener\"><img loading=\"lazy\" src=\"http:\/\/www.opb.gob.mx\/portal\/wp-content\/uploads\/2024\/04\/pdf-download-2617.png\" alt=\"\" width=\"45\" height=\"58\" \/><\/a><\/td>\n<\/tr>\n<tr>\n<td>PROGRAMAS DE PREVENCI\u00d3N DEL DELITO 3ER TRIMESTRE<\/td>\n<td><a href=\"http:\/\/www.opb.gob.mx\/portal\/wp-content\/uploads\/transparencia\/93\/I\/j\/2021\/ART93%20Fracc.%201J%20-%203%20trim.xlsx\" target=\"_blank\" rel=\"noopener\"><img loading=\"lazy\" src=\"http:\/\/www.opb.gob.mx\/portal\/wp-content\/uploads\/2024\/04\/pdf-download-2617.png\" alt=\"\" width=\"45\" height=\"58\" \/><\/a><\/td>\n<\/tr>\n<tr>\n<td>PROGRAMAS DE PREVENCI\u00d3N DEL DELITO 2DO TRIMESTRE<\/td>\n<td><a href=\"http:\/\/www.opb.gob.mx\/portal\/wp-content\/uploads\/transparencia\/93\/I\/j\/2021\/ART93%20Fracc.%201J%20-%202%20trim.xlsx\" target=\"_blank\" rel=\"noopener\"><img loading=\"lazy\" src=\"http:\/\/www.opb.gob.mx\/portal\/wp-content\/uploads\/2024\/04\/pdf-download-2617.png\" alt=\"\" width=\"45\" height=\"58\" \/><\/a><\/td>\n<\/tr>\n<tr>\n<td>PROGRAMAS DE PREVENCI\u00d3N DEL DELITO 1ER TRIMESTRE<\/td>\n<td><a href=\"http:\/\/www.opb.gob.mx\/portal\/wp-content\/uploads\/transparencia\/93\/I\/j\/2021\/ART93%20Fracc.%201J%20-%201%20trim.xlsx\" target=\"_blank\" rel=\"noopener\"><img loading=\"lazy\" src=\"http:\/\/www.opb.gob.mx\/portal\/wp-content\/uploads\/2024\/04\/pdf-download-2617.png\" alt=\"\" width=\"45\" height=\"58\" \/><\/a><\/td>\n<\/tr>\n<\/tbody>\n<\/table>\n<p style=\"text-align: center;\"><strong><span style=\"font-size: 18pt;\">2020<\/span><\/strong><\/p>\n\n<table width=\"100%\">\n<tbody>\n<tr style=\"background-color: #2eb5a7;\">\n<td style=\"text-align: center;\" colspan=\"2\"><strong><span style=\"color: #ffffff;\">ESTAD\u00cdSTICAS DE DESEMPE\u00d1O DE LOS CUERPOS POLICIALES 2020<\/span><\/strong><\/td>\n<\/tr>\n<tr>\n<td>ESTAD\u00cdSTICAS DE DESEMPE\u00d1O DE LOS CUERPOS POLICIALES 4TO TRIMESTRE<\/td>\n<td><a href=\"http:\/\/www.opb.gob.mx\/portal\/wp-content\/uploads\/transparencia\/93\/I\/j\/2020\/XXX.%20PREVENCI%C3%93N%20-%204trim.pdf\" target=\"_blank\" rel=\"noopener\"><img loading=\"lazy\" src=\"http:\/\/www.opb.gob.mx\/portal\/wp-content\/uploads\/2024\/04\/pdf-download-2617.png\" alt=\"\" width=\"45\" height=\"58\" \/><\/a><\/td>\n<\/tr>\n<tr>\n<td>ESTAD\u00cdSTICAS DE DESEMPE\u00d1O DE LOS CUERPOS POLICIALES 3ER TRIMESTRE<\/td>\n<td><a href=\"http:\/\/www.opb.gob.mx\/portal\/wp-content\/uploads\/transparencia\/93\/I\/j\/2020\/XXX.%20PREVENCI%C3%93N%20-%203trim.pdf\" target=\"_blank\" rel=\"noopener\"><img loading=\"lazy\" src=\"http:\/\/www.opb.gob.mx\/portal\/wp-content\/uploads\/2024\/04\/pdf-download-2617.png\" alt=\"\" width=\"45\" height=\"58\" \/><\/a><\/td>\n<\/tr>\n<tr>\n<td>ESTAD\u00cdSTICAS DE DESEMPE\u00d1O DE LOS CUERPOS POLICIALES 2DO TRIMESTRE<\/td>\n<td><a href=\"http:\/\/www.opb.gob.mx\/portal\/wp-content\/uploads\/transparencia\/93\/I\/j\/2020\/XXX.%20PREVENCI%C3%93N%20-%202trim.pdf\" target=\"_blank\" rel=\"noopener\"><img loading=\"lazy\" src=\"http:\/\/www.opb.gob.mx\/portal\/wp-content\/uploads\/2024\/04\/pdf-download-2617.png\" alt=\"\" width=\"45\" height=\"58\" \/><\/a><\/td>\n<\/tr>\n<tr>\n<td>ESTAD\u00cdSTICAS DE DESEMPE\u00d1O DE LOS CUERPOS POLICIALES 1ER TRIMESTRE<\/td>\n<td><a href=\"http:\/\/www.opb.gob.mx\/portal\/wp-content\/uploads\/transparencia\/93\/I\/j\/2020\/XXX.%20PREVENCI%C3%93N%20-%201trim.pdf\" target=\"_blank\" rel=\"noopener\"><img loading=\"lazy\" src=\"http:\/\/www.opb.gob.mx\/portal\/wp-content\/uploads\/2024\/04\/pdf-download-2617.png\" alt=\"\" width=\"45\" height=\"58\" \/><\/a><\/td>\n<\/tr>\n<\/tbody>\n<\/table>\n<p style=\"text-align: center;\"><strong><span style=\"font-size: 18pt;\">2019<\/span><\/strong><\/p>\n\n<table width=\"100%\">\n<tbody>\n<tr style=\"background-color: #2eb5a7;\">\n<td style=\"text-align: center;\" colspan=\"2\"><span style=\"color: #ffffff;\"><strong>ANEXOS<\/strong><\/span><\/td>\n<\/tr>\n<tr>\n<td>ESTAD\u00cdSTICAS DE DESEMPE\u00d1O DE LOS CUERPOS POLICIALES PRIMER TRIMESTRE<\/td>\n<td><a href=\"http:\/\/www.opb.gob.mx\/portal\/wp-content\/uploads\/transparencia\/93\/I\/j\/2019\/ART.93%20I%28J%29P.C.1TRIM.%202019.pdf\" target=\"_blank\" rel=\"noopener\"><img loading=\"lazy\" src=\"http:\/\/www.opb.gob.mx\/portal\/wp-content\/uploads\/2024\/04\/pdf-download-2617.png\" alt=\"\" width=\"45\" height=\"58\" \/><\/a><\/td>\n<\/tr>\n<\/tbody>\n<\/table>\n<p style=\"text-align: center;\"><strong><span style=\"font-size: 18pt;\">2018<\/span><\/strong><\/p>\n\n<div>\n<div>\n<div>\n<table width=\"100%\">\n<tbody>\n<tr style=\"background-color: #2eb5a7;\">\n<td style=\"text-align: center;\" colspan=\"2\"><span style=\"color: #ffffff;\"><strong>ANEXOS<\/strong><\/span><\/td>\n<\/tr>\n<tr>\n<td>ESTAD\u00cdSTICAS DE DESEMPE\u00d1O DE LOS CUERPOS POLICIALES 4TO TRIMESTRE<\/td>\n<td><a href=\"https:\/\/1drv.ms\/x\/s!AnDSB99HQ4bxn1M3f1CiU-E5Wr8m\" target=\"_blank\" rel=\"noopener\"><img loading=\"lazy\" src=\"http:\/\/www.opb.gob.mx\/portal\/wp-content\/uploads\/2016\/07\/excel_icon-300x296.png\" sizes=\"(max-width: 45px) 100vw, 45px\" srcset=\"http:\/\/www.opb.gob.mx\/portal\/wp-content\/uploads\/2016\/07\/excel_icon-300x296.png 300w, http:\/\/www.opb.gob.mx\/portal\/wp-content\/uploads\/2016\/07\/excel_icon-150x150.png 150w, http:\/\/www.opb.gob.mx\/portal\/wp-content\/uploads\/2016\/07\/excel_icon.png 643w\" alt=\"\" width=\"45\" height=\"44\" \/><\/a><\/td>\n<\/tr>\n<tr>\n<td>ESTAD\u00cdSTICAS DE DESEMPE\u00d1O DE LOS CUERPOS POLICIALES 3ER TRIMESTRE<\/td>\n<td><a href=\"https:\/\/1drv.ms\/x\/s!AnDSB99HQ4bxmm2fF6tdUQxhqMyh\" target=\"_blank\" rel=\"noopener\"><img loading=\"lazy\" src=\"http:\/\/www.opb.gob.mx\/portal\/wp-content\/uploads\/2016\/07\/excel_icon-300x296.png\" sizes=\"(max-width: 45px) 100vw, 45px\" srcset=\"http:\/\/www.opb.gob.mx\/portal\/wp-content\/uploads\/2016\/07\/excel_icon-300x296.png 300w, http:\/\/www.opb.gob.mx\/portal\/wp-content\/uploads\/2016\/07\/excel_icon-150x150.png 150w, http:\/\/www.opb.gob.mx\/portal\/wp-content\/uploads\/2016\/07\/excel_icon.png 643w\" alt=\"\" width=\"45\" height=\"44\" \/><\/a><\/td>\n<\/tr>\n<tr>\n<td>ESTAD\u00cdSTICAS DE DESEMPE\u00d1O DE LOS CUERPOS POLICIALES 2DO TRIMESTRE<\/td>\n<td><a href=\"https:\/\/1drv.ms\/x\/s!AnDSB99HQ4bxkmb_CWarkPR0WTck\" target=\"_blank\" rel=\"noopener\"><img loading=\"lazy\" src=\"http:\/\/www.opb.gob.mx\/portal\/wp-content\/uploads\/2016\/07\/excel_icon-300x296.png\" sizes=\"(max-width: 45px) 100vw, 45px\" srcset=\"http:\/\/www.opb.gob.mx\/portal\/wp-content\/uploads\/2016\/07\/excel_icon-300x296.png 300w, http:\/\/www.opb.gob.mx\/portal\/wp-content\/uploads\/2016\/07\/excel_icon-150x150.png 150w, http:\/\/www.opb.gob.mx\/portal\/wp-content\/uploads\/2016\/07\/excel_icon.png 643w\" alt=\"\" width=\"45\" height=\"44\" \/><\/a><\/td>\n<\/tr>\n<tr>\n<td>ESTAD\u00cdSTICAS DE DESEMPE\u00d1O DE LOS CUERPOS POLICIALES 4TO TRIMESTRE<\/td>\n<td><a href=\"http:\/\/www.opb.gob.mx\/portal\/wp-content\/uploads\/transparencia\/93\/I\/j\/TRANSPARENCIA%204%20TRIMESTRE%202018%20OCT-DIC%202018_1%20%282%29.pdf\" target=\"_blank\" rel=\"noopener\"><img loading=\"lazy\" src=\"http:\/\/www.opb.gob.mx\/portal\/wp-content\/uploads\/2024\/04\/pdf-download-2617.png\" alt=\"\" width=\"45\" height=\"58\" \/><\/a><\/td>\n<\/tr>\n<tr>\n<td>ESTAD\u00cdSTICAS DE DESEMPE\u00d1O DE LOS CUERPOS POLICIALES 3ER TRIMESTRE11<\/td>\n<td><a href=\"http:\/\/www.opb.gob.mx\/portal\/wp-content\/uploads\/transparencia\/93\/I\/j\/3er%20trim\/TRANSPARENCIA%203%20TRIMESTRE%202018%20JULIO-SEPTIEMBRE%202018.pdf\" target=\"_blank\" rel=\"noopener\"><img loading=\"lazy\" src=\"http:\/\/www.opb.gob.mx\/portal\/wp-content\/uploads\/2024\/04\/pdf-download-2617.png\" alt=\"\" width=\"45\" height=\"58\" \/><\/a><\/td>\n<\/tr>\n<tr>\n<td>ESTAD\u00cdSTICAS DE DESEMPE\u00d1O DE LOS CUERPOS POLICIALES 2DO TRIMESTRE<\/td>\n<td><a href=\"http:\/\/www.opb.gob.mx\/portal\/wp-content\/uploads\/transparencia\/93\/I\/j\/TRANSPARENCIA%202%20TRIMESTRE%202018%20ABRIL-JUNIO%202018.pdf\" target=\"_blank\" rel=\"noopener\"><img loading=\"lazy\" src=\"http:\/\/www.opb.gob.mx\/portal\/wp-content\/uploads\/2024\/04\/pdf-download-2617.png\" alt=\"\" width=\"45\" height=\"58\" \/><\/a><\/td>\n<\/tr>\n<\/tbody>\n<\/table>\n<\/div>\n<\/div>\n<\/div><\/div>\n\t\t\t\t<\/div>\n\t\t\t\t<\/div>\n\t\t\t\t\t\t<\/div>\n\t\t\t\t\t<\/div>\n\t\t<\/div>\n\t\t\t\t\t\t\t\t<\/div>\n\t\t\t\t\t<\/div>\n\t\t<\/section>\n\t\t\t\t\t\t<\/div>\n\t\t\t\t\t\t<\/div>\n\t\t\t\t\t<\/div>\n\t\t","protected":false},"excerpt":{"rendered":"<p>DIRECCI\u00d3N GENERAL DE SEGURIDAD P\u00daBLICA Y TR\u00c1NSITO MUNICIPAL 2025 ESTAD\u00cdSTICAS DE DESEMPE\u00d1O DE LOS CUERPOS POLICIALES ESTAD\u00cdSTICAS DE DESEMPE\u00d1O DE LOS CUERPOS POLICIALES 1ER. TRIMESTRE ESTAD\u00cdSTICAS DE DESEMPE\u00d1O DE LOS CUERPOS POLICIALES 2DO. TRIMESTRE ESTAD\u00cdSTICAS DE DESEMPE\u00d1O DE LOS CUERPOS POLICIALES 3ER. TRIMESTRE ESTAD\u00cdSTICAS DE DESEMPE\u00d1O DE LOS CUERPOS POLICIALES 4TO. TRIMESTRE DIRECCI\u00d3N GENERAL DE<\/p>\n","protected":false},"author":1,"featured_media":0,"parent":15476,"menu_order":0,"comment_status":"closed","ping_status":"closed","template":"","meta":[],"_links":{"self":[{"href":"http:\/\/www.opb.gob.mx\/portal\/index.php?rest_route=\/wp\/v2\/pages\/20411"}],"collection":[{"href":"http:\/\/www.opb.gob.mx\/portal\/index.php?rest_route=\/wp\/v2\/pages"}],"about":[{"href":"http:\/\/www.opb.gob.mx\/portal\/index.php?rest_route=\/wp\/v2\/types\/page"}],"author":[{"embeddable":true,"href":"http:\/\/www.opb.gob.mx\/portal\/index.php?rest_route=\/wp\/v2\/users\/1"}],"replies":[{"embeddable":true,"href":"http:\/\/www.opb.gob.mx\/portal\/index.php?rest_route=%2Fwp%2Fv2%2Fcomments&post=20411"}],"version-history":[{"count":36,"href":"http:\/\/www.opb.gob.mx\/portal\/index.php?rest_route=\/wp\/v2\/pages\/20411\/revisions"}],"predecessor-version":[{"id":29674,"href":"http:\/\/www.opb.gob.mx\/portal\/index.php?rest_route=\/wp\/v2\/pages\/20411\/revisions\/29674"}],"up":[{"embeddable":true,"href":"http:\/\/www.opb.gob.mx\/portal\/index.php?rest_route=\/wp\/v2\/pages\/15476"}],"wp:attachment":[{"href":"http:\/\/www.opb.gob.mx\/portal\/index.php?rest_route=%2Fwp%2Fv2%2Fmedia&parent=20411"}],"curies":[{"name":"wp","href":"https:\/\/api.w.org\/{rel}","templated":true}]}}