{"id":20428,"date":"2022-01-06T20:05:38","date_gmt":"2022-01-06T20:05:38","guid":{"rendered":"http:\/\/www.opb.gob.mx\/portal\/?page_id=20428"},"modified":"2022-01-24T17:45:22","modified_gmt":"2022-01-24T17:45:22","slug":"k-la-informacion-detallada-que-contengan-los-programas-de-medio-ambiente-estatal-y-municipal-asi-como-otros-documentos-relativos-a-la-proteccion-preservacion-aprovechamiento-y-restauracion-de-los","status":"publish","type":"page","link":"http:\/\/www.opb.gob.mx\/portal\/?page_id=20428","title":{"rendered":"k). LA INFORMACI\u00d3N DETALLADA QUE CONTENGAN LOS PROGRAMAS DE MEDIO AMBIENTE ESTATAL Y MUNICIPAL, AS\u00cd COMO OTROS DOCUMENTOS RELATIVOS A LA PROTECCI\u00d3N, PRESERVACI\u00d3N, APROVECHAMIENTO Y RESTAURACI\u00d3N DE LOS SISTEMAS NATURALES DE LA ENTIDAD."},"content":{"rendered":"\t\t<div data-elementor-type=\"wp-page\" data-elementor-id=\"20428\" class=\"elementor elementor-20428\" data-elementor-settings=\"[]\">\n\t\t\t\t\t\t<div class=\"elementor-inner\">\n\t\t\t\t\t\t\t<div class=\"elementor-section-wrap\">\n\t\t\t\t\t\t\t<section class=\"elementor-section elementor-top-section elementor-element elementor-element-179c839 elementor-section-boxed elementor-section-height-default elementor-section-height-default\" data-id=\"179c839\" data-element_type=\"section\">\n\t\t\t\t\t\t<div class=\"elementor-container elementor-column-gap-default\">\n\t\t\t\t\t\t\t<div class=\"elementor-row\">\n\t\t\t\t\t<div class=\"elementor-column elementor-col-100 elementor-top-column elementor-element elementor-element-3b28e75\" data-id=\"3b28e75\" data-element_type=\"column\">\n\t\t\t<div class=\"elementor-column-wrap elementor-element-populated\">\n\t\t\t\t\t\t\t<div class=\"elementor-widget-wrap\">\n\t\t\t\t\t\t<div class=\"elementor-element elementor-element-24b5013 elementor-widget elementor-widget-text-editor\" data-id=\"24b5013\" data-element_type=\"widget\" data-widget_type=\"text-editor.default\">\n\t\t\t\t<div class=\"elementor-widget-container\">\n\t\t\t\t\t<div class=\"elementor-text-editor elementor-clearfix\">\n<div class=\"vc_row wpb_row vc_inner vc_row-fluid\">\n<div class=\"wpb_column vc_column_container vc_col-sm-12\">\n<div class=\"vc_column-inner \">\n<div class=\"wpb_wrapper\">\n<div class=\"acc_holder \">\n<div class=\"acc_item\">\n<h4 class=\"accordion\"><span class=\"acc_heading\">DIRECCI\u00d3N DE MEDIO AMBIENTE Y ECOLOG\u00cdA<\/span><\/h4>\n<div class=\"accordion_content\">\n<table class=\"fortuna_table\" width=\"100%\">\n<tbody>\n<tr style=\"background-color: #2eb5a7;\">\n<td style=\"text-align: center;\" colspan=\"2\"><span style=\"color: #ffffff;\"><strong>ANEXOS<\/strong><\/span><\/td>\n<\/tr>\n<tr>\n<td style=\"text-align: left;\"><strong>PROGRAMA DE EDUCACI\u00d3N AMBIENTAL 2018 &#8211; 2021<\/strong><\/td>\n<td><a href=\"http:\/\/www.opb.gob.mx\/portal\/wp-content\/uploads\/transparencia\/93\/I\/k\/1er%20trim%202019\/PROGRAMA%20DE%20EDUCAC%C3%93N%20AMBIENTAL%202019.pdf\" target=\"_blank\" rel=\"noopener\"><img loading=\"lazy\" class=\"aligncenter wp-image-29432\" src=\"http:\/\/www.opb.gob.mx\/portal\/wp-content\/uploads\/2017\/05\/pdf-download.png\" alt=\"\" width=\"45\" height=\"58\" \/><\/a><\/td>\n<\/tr>\n<\/tbody>\n<\/table>\n<\/div>\n<\/div>\n<\/div>\n<\/div>\n<\/div>\n<\/div>\n<\/div><\/div>\n\t\t\t\t<\/div>\n\t\t\t\t<\/div>\n\t\t\t\t\t\t<\/div>\n\t\t\t\t\t<\/div>\n\t\t<\/div>\n\t\t\t\t\t\t\t\t<\/div>\n\t\t\t\t\t<\/div>\n\t\t<\/section>\n\t\t\t\t\t\t<\/div>\n\t\t\t\t\t\t<\/div>\n\t\t\t\t\t<\/div>\n\t\t","protected":false},"excerpt":{"rendered":"<p>DIRECCI\u00d3N DE MEDIO AMBIENTE Y ECOLOG\u00cdA ANEXOS PROGRAMA DE EDUCACI\u00d3N AMBIENTAL 2018 &#8211; 2021<\/p>\n","protected":false},"author":1,"featured_media":0,"parent":15476,"menu_order":0,"comment_status":"closed","ping_status":"closed","template":"","meta":[],"_links":{"self":[{"href":"http:\/\/www.opb.gob.mx\/portal\/index.php?rest_route=\/wp\/v2\/pages\/20428"}],"collection":[{"href":"http:\/\/www.opb.gob.mx\/portal\/index.php?rest_route=\/wp\/v2\/pages"}],"about":[{"href":"http:\/\/www.opb.gob.mx\/portal\/index.php?rest_route=\/wp\/v2\/types\/page"}],"author":[{"embeddable":true,"href":"http:\/\/www.opb.gob.mx\/portal\/index.php?rest_route=\/wp\/v2\/users\/1"}],"replies":[{"embeddable":true,"href":"http:\/\/www.opb.gob.mx\/portal\/index.php?rest_route=%2Fwp%2Fv2%2Fcomments&post=20428"}],"version-history":[{"count":5,"href":"http:\/\/www.opb.gob.mx\/portal\/index.php?rest_route=\/wp\/v2\/pages\/20428\/revisions"}],"predecessor-version":[{"id":20717,"href":"http:\/\/www.opb.gob.mx\/portal\/index.php?rest_route=\/wp\/v2\/pages\/20428\/revisions\/20717"}],"up":[{"embeddable":true,"href":"http:\/\/www.opb.gob.mx\/portal\/index.php?rest_route=\/wp\/v2\/pages\/15476"}],"wp:attachment":[{"href":"http:\/\/www.opb.gob.mx\/portal\/index.php?rest_route=%2Fwp%2Fv2%2Fmedia&parent=20428"}],"curies":[{"name":"wp","href":"https:\/\/api.w.org\/{rel}","templated":true}]}}