{"id":22853,"date":"2022-08-05T18:05:08","date_gmt":"2022-08-05T18:05:08","guid":{"rendered":"http:\/\/www.opb.gob.mx\/portal\/?page_id=22853"},"modified":"2026-02-03T21:27:11","modified_gmt":"2026-02-03T21:27:11","slug":"indice-de-informacion-reservada","status":"publish","type":"page","link":"https:\/\/www.opb.gob.mx\/portal\/?page_id=22853","title":{"rendered":"\u00cdndice de Informaci\u00f3n Reservada"},"content":{"rendered":"\t\t<div data-elementor-type=\"wp-page\" data-elementor-id=\"22853\" class=\"elementor elementor-22853\" data-elementor-settings=\"[]\">\n\t\t\t\t\t\t<div class=\"elementor-inner\">\n\t\t\t\t\t\t\t<div class=\"elementor-section-wrap\">\n\t\t\t\t\t\t\t<section class=\"elementor-section elementor-top-section elementor-element elementor-element-cb25e1e elementor-section-boxed elementor-section-height-default elementor-section-height-default\" data-id=\"cb25e1e\" data-element_type=\"section\">\n\t\t\t\t\t\t<div class=\"elementor-container elementor-column-gap-default\">\n\t\t\t\t\t\t\t<div class=\"elementor-row\">\n\t\t\t\t\t<div class=\"elementor-column elementor-col-100 elementor-top-column elementor-element elementor-element-e163259\" data-id=\"e163259\" data-element_type=\"column\">\n\t\t\t<div class=\"elementor-column-wrap elementor-element-populated\">\n\t\t\t\t\t\t\t<div class=\"elementor-widget-wrap\">\n\t\t\t\t\t\t<div class=\"elementor-element elementor-element-39be75a elementor-widget elementor-widget-html\" data-id=\"39be75a\" data-element_type=\"widget\" data-widget_type=\"html.default\">\n\t\t\t\t<div class=\"elementor-widget-container\">\n\t\t\t<div class=\"container\">\r\n    <section class=\"mb-4 text-center\">\r\n        <h2>\u00cdndice Semestral de Expedientes Clasificados<\/h2>\r\n        <p>\r\n            En cumplimiento a los art\u00edculos 66 fracci\u00f3n XVIII y 131 de la Ley de Transparencia y Acceso a la Informaci\u00f3n P\u00fablica para el Estado de Quintana Roo, la Unidad de Vinculaci\u00f3n para la Transparencia pone a su disposici\u00f3n el siguiente \u00edndice:\r\n        <\/p>\r\n    <\/section>\r\n\r\n    <!-- Tabla principal -->\r\n    <div class=\"table-responsive\">\r\n        <table class=\"table table-hover text-center\">\r\n            <thead class=\"table-light\">\r\n                <tr>\r\n                    <th>Descripci\u00f3n<\/th>\r\n                    <th>Enlace<\/th>\r\n                <\/tr>\r\n            <\/thead>\r\n            <tbody>\r\n                <tr>\r\n                    <td>1ER. SEMESTRE 2022<\/td>\r\n                    <td>\r\n                        <a href=\"http:\/\/www.opb.gob.mx\/portal\/wp-content\/uploads\/2022\/08\/EXPEDIENTE%20RESERVADO.xlsx\" target=\"_blank\">\r\n                            <img src=\"http:\/\/www.opb.gob.mx\/portal\/wp-content\/uploads\/2022\/03\/x_office_spreadsheet.png\" alt=\"Enlace\" width=\"32\">\r\n                        <\/a>\r\n                    <\/td>\r\n                <\/tr>\r\n                <tr>\r\n                    <td>2DO. SEMESTRE 2022<\/td>\r\n                    <td class=\"text-danger\">No hubo informaci\u00f3n<\/td>\r\n                <\/tr>\r\n                <tr>\r\n                    <td>PRIMER SEMESTRE 2023<\/td>\r\n                    <td>\r\n                        <a href=\"https:\/\/www.opb.gob.mx\/portal\/wp-content\/uploads\/2024\/04\/PRIMER%20SEMESTRE%202023.xlsx\" target=\"_blank\">\r\n                            <img src=\"http:\/\/www.opb.gob.mx\/portal\/wp-content\/uploads\/2022\/03\/x_office_spreadsheet.png\" alt=\"Enlace\" width=\"32\">\r\n                        <\/a>\r\n                    <\/td>\r\n                <\/tr>\r\n                <tr>\r\n                    <td>SEGUNDO SEMESTRE 2023<\/td>\r\n                    <td>\r\n                        <a href=\"https:\/\/www.opb.gob.mx\/portal\/wp-content\/uploads\/2024\/04\/SEGUNDO%20SEMESTRE%202023_new.xlsx\" target=\"_blank\">\r\n                            <img src=\"http:\/\/www.opb.gob.mx\/portal\/wp-content\/uploads\/2022\/03\/x_office_spreadsheet.png\" alt=\"Enlace\" width=\"32\">\r\n                        <\/a>\r\n                    <\/td>\r\n                <\/tr>\r\n                <tr>\r\n                    <td>PRIMER SEMESTRE 2024<\/td>\r\n                    <td>\r\n                        <a href=\"https:\/\/docs.google.com\/spreadsheets\/d\/1QrkrnS75R-reUJILIXkSgsjXTSO4vSsl\/edit?gid=1108985318#gid=1108985318\" target=\"_blank\">\r\n                            <img src=\"http:\/\/www.opb.gob.mx\/portal\/wp-content\/uploads\/2022\/03\/x_office_spreadsheet.png\" alt=\"Enlace\" width=\"32\">\r\n                        <\/a>\r\n                    <\/td>\r\n                <\/tr>\r\n                <tr>\r\n                    <td>SEGUNDO SEMESTRE 2024<\/td>\r\n                    <td>\r\n                        <a href=\"https:\/\/www.opb.gob.mx\/portal\/wp-content\/uploads\/transparencia\/INDICE%20DE%20EXPEDIENTES%20CLASIFICADOS%20COMO%20RESERVADOS.pdf\" target=\"_blank\">\r\n                            <img src=\"http:\/\/www.opb.gob.mx\/portal\/wp-content\/uploads\/2022\/03\/x_office_spreadsheet.png\" alt=\"Enlace\" width=\"32\">\r\n                        <\/a>\r\n                    <\/td>\r\n                <\/tr>\r\n                <tr>\r\n                    <td>PRIMER SEMESTRE 2025<\/td>\r\n                    <td>\r\n                        <a href=\"https:\/\/docs.google.com\/spreadsheets\/d\/19sG2NvrTIPsbaaUOPOU6yGKhg11SqlDe\/edit?usp=sharing&ouid=117587738689562429978&rtpof=true&sd=true\" target=\"_blank\">\r\n                            <img src=\"http:\/\/www.opb.gob.mx\/portal\/wp-content\/uploads\/2022\/03\/x_office_spreadsheet.png\" alt=\"Enlace\" width=\"32\">\r\n                        <\/a>\r\n                    <\/td>\r\n                <\/tr>\r\n                <tr>\r\n                    <td>SEGUNDO SEMESTRE 2025<\/td>\r\n                    <td>\r\n                        <a href=\"https:\/\/www.opb.gob.mx\/portal\/wp-content\/uploads\/2026\/%C3%8DNDICE%20DE%20EXPEDIENTES%20CLASIFICADOS%20COMO%20RESERVADOS%202do%20semestre%202025.pdf\" target=\"_blank\">\r\n                            <img src=\"http:\/\/www.opb.gob.mx\/portal\/wp-content\/uploads\/2022\/03\/x_office_spreadsheet.png\" alt=\"Enlace\" width=\"32\">\r\n                        <\/a>\r\n                    <\/td>\r\n                <\/tr>\r\n            <\/tbody>\r\n        <\/table>\r\n    <\/div>\r\n\r\n    <!-- Tabla independiente con el bot\u00f3n -->\r\n\r\n<\/div>\r\n\t\t<\/div>\n\t\t\t\t<\/div>\n\t\t\t\t\t\t<\/div>\n\t\t\t\t\t<\/div>\n\t\t<\/div>\n\t\t\t\t\t\t\t\t<\/div>\n\t\t\t\t\t<\/div>\n\t\t<\/section>\n\t\t\t\t<section class=\"elementor-section elementor-top-section elementor-element elementor-element-eef19e7 elementor-section-boxed elementor-section-height-default elementor-section-height-default\" data-id=\"eef19e7\" data-element_type=\"section\">\n\t\t\t\t\t\t<div class=\"elementor-container elementor-column-gap-default\">\n\t\t\t\t\t\t\t<div class=\"elementor-row\">\n\t\t\t\t\t<div class=\"elementor-column elementor-col-100 elementor-top-column elementor-element elementor-element-7bed6ca\" data-id=\"7bed6ca\" data-element_type=\"column\">\n\t\t\t<div class=\"elementor-column-wrap elementor-element-populated\">\n\t\t\t\t\t\t\t<div class=\"elementor-widget-wrap\">\n\t\t\t\t\t\t<div class=\"elementor-element elementor-element-1163ed5 elementor-widget elementor-widget-image\" data-id=\"1163ed5\" data-element_type=\"widget\" data-widget_type=\"image.default\">\n\t\t\t\t<div class=\"elementor-widget-container\">\n\t\t\t\t\t<div class=\"elementor-image\">\n\t\t\t\t\t\t\t\t\t\t<img width=\"766\" height=\"767\" src=\"https:\/\/www.opb.gob.mx\/portal\/wp-content\/uploads\/2024\/03\/logo-opb-caracol.png\" class=\"attachment-medium_large size-medium_large\" alt=\"\" loading=\"lazy\" srcset=\"https:\/\/www.opb.gob.mx\/portal\/wp-content\/uploads\/2024\/03\/logo-opb-caracol.png 766w, https:\/\/www.opb.gob.mx\/portal\/wp-content\/uploads\/2024\/03\/logo-opb-caracol-80x80.png 80w\" sizes=\"(max-width: 766px) 100vw, 766px\" \/>\t\t\t\t\t\t\t\t\t\t\t<\/div>\n\t\t\t\t<\/div>\n\t\t\t\t<\/div>\n\t\t\t\t\t\t<\/div>\n\t\t\t\t\t<\/div>\n\t\t<\/div>\n\t\t\t\t\t\t\t\t<\/div>\n\t\t\t\t\t<\/div>\n\t\t<\/section>\n\t\t\t\t\t\t<\/div>\n\t\t\t\t\t\t<\/div>\n\t\t\t\t\t<\/div>\n\t\t","protected":false},"excerpt":{"rendered":"<p>\u00cdndice Semestral de Expedientes Clasificados En cumplimiento a los art\u00edculos 66 fracci\u00f3n XVIII y 131 de la Ley de Transparencia y Acceso a la Informaci\u00f3n P\u00fablica para el Estado de Quintana Roo, la Unidad de Vinculaci\u00f3n para la Transparencia pone a su disposici\u00f3n el siguiente \u00edndice: Descripci\u00f3n Enlace 1ER. SEMESTRE 2022 2DO. SEMESTRE 2022 No<\/p>\n","protected":false},"author":1,"featured_media":0,"parent":0,"menu_order":0,"comment_status":"closed","ping_status":"closed","template":"","meta":[],"_links":{"self":[{"href":"https:\/\/www.opb.gob.mx\/portal\/index.php?rest_route=\/wp\/v2\/pages\/22853"}],"collection":[{"href":"https:\/\/www.opb.gob.mx\/portal\/index.php?rest_route=\/wp\/v2\/pages"}],"about":[{"href":"https:\/\/www.opb.gob.mx\/portal\/index.php?rest_route=\/wp\/v2\/types\/page"}],"author":[{"embeddable":true,"href":"https:\/\/www.opb.gob.mx\/portal\/index.php?rest_route=\/wp\/v2\/users\/1"}],"replies":[{"embeddable":true,"href":"https:\/\/www.opb.gob.mx\/portal\/index.php?rest_route=%2Fwp%2Fv2%2Fcomments&post=22853"}],"version-history":[{"count":15,"href":"https:\/\/www.opb.gob.mx\/portal\/index.php?rest_route=\/wp\/v2\/pages\/22853\/revisions"}],"predecessor-version":[{"id":29677,"href":"https:\/\/www.opb.gob.mx\/portal\/index.php?rest_route=\/wp\/v2\/pages\/22853\/revisions\/29677"}],"wp:attachment":[{"href":"https:\/\/www.opb.gob.mx\/portal\/index.php?rest_route=%2Fwp%2Fv2%2Fmedia&parent=22853"}],"curies":[{"name":"wp","href":"https:\/\/api.w.org\/{rel}","templated":true}]}}