{"id":29492,"date":"2025-08-12T16:06:30","date_gmt":"2025-08-12T16:06:30","guid":{"rendered":"http:\/\/www.opb.gob.mx\/portal\/?page_id=29492"},"modified":"2025-08-12T16:12:20","modified_gmt":"2025-08-12T16:12:20","slug":"dif-formatos-conac-ley-de-disciplina-financiera-2025","status":"publish","type":"page","link":"https:\/\/www.opb.gob.mx\/portal\/?page_id=29492","title":{"rendered":"DIF Formatos CONAC Ley De Disciplina Financiera 2025"},"content":{"rendered":"\t\t<div data-elementor-type=\"wp-page\" data-elementor-id=\"29492\" class=\"elementor elementor-29492\" data-elementor-settings=\"[]\">\n\t\t\t\t\t\t<div class=\"elementor-inner\">\n\t\t\t\t\t\t\t<div class=\"elementor-section-wrap\">\n\t\t\t\t\t\t\t<section class=\"elementor-section elementor-top-section elementor-element elementor-element-5abdd3c elementor-section-boxed elementor-section-height-default elementor-section-height-default\" data-id=\"5abdd3c\" data-element_type=\"section\">\n\t\t\t\t\t\t<div class=\"elementor-container elementor-column-gap-default\">\n\t\t\t\t\t\t\t<div class=\"elementor-row\">\n\t\t\t\t\t<div class=\"elementor-column elementor-col-100 elementor-top-column elementor-element elementor-element-54d0fd8\" data-id=\"54d0fd8\" data-element_type=\"column\">\n\t\t\t<div class=\"elementor-column-wrap elementor-element-populated\">\n\t\t\t\t\t\t\t<div class=\"elementor-widget-wrap\">\n\t\t\t\t\t\t<div class=\"elementor-element elementor-element-a8387e6 elementor-widget elementor-widget-html\" data-id=\"a8387e6\" data-element_type=\"widget\" data-widget_type=\"html.default\">\n\t\t\t\t<div class=\"elementor-widget-container\">\n\t\t\t  <meta charset=\"utf-8\">\r\n    <meta name=\"viewport\" content=\"width=device-width, initial-scale=1\">\r\n\r\n    <link rel=\"stylesheet\" href=\"\/\/code.jquery.com\/ui\/1.12.1\/themes\/base\/jquery-ui.css\">\r\n    <link rel=\"stylesheet\" href=\"\/resources\/demos\/style.css\">\r\n    <script src=\"https:\/\/code.jquery.com\/jquery-1.12.4.js\"><\/script>\r\n    <script src=\"https:\/\/code.jquery.com\/ui\/1.12.1\/jquery-ui.js\"><\/script>\r\n    \r\n  <script>\r\n  jQuery(function($){\r\n      $('.et_pb_accordion .et_pb_toggle_open').addClass('et_pb_toggle_close').removeClass('et_pb_toggle_open');\r\n      $('.et_pb_accordion .et_pb_toggle').click(function() {\r\n        $this = $(this);m\r\n        setTimeout(function(){\r\n           $this.closest('.et_pb_accordion').removeClass('et_pb_accordion_toggling');\r\n        },700);\r\n      });\r\n  });\r\n  <\/script>\r\n\r\n    <script>\r\n    $( function() {\r\n      $( \"#accordion_1\" ).accordion({\r\n        collapsible: true,\r\n        active: false\r\n      });\r\n    } );\r\n    <\/script>\r\n      <script>\r\n    $( function() {\r\n      $( \"#accordion_2\" ).accordion({\r\n        collapsible: true,\r\n        active: false\r\n      });\r\n    } );\r\n    <\/script>\r\n      <script>\r\n    $( function() {\r\n      $( \"#accordion_3\" ).accordion({\r\n        collapsible: true,\r\n        active: false\r\n      });\r\n    } );\r\n    <\/script>\r\n      <script>\r\n    $( function() {\r\n      $( \"#accordion_4\" ).accordion({\r\n        collapsible: true,\r\n        active: false\r\n      });\r\n    } );\r\n    <\/script>\r\n      <script>\r\n    $( function() {\r\n      $( \"#accordion_5\" ).accordion({\r\n        collapsible: true,\r\n        active: false\r\n      });\r\n    } );\r\n    <\/script>\r\n      <script>\r\n    $( function() {\r\n      $( \"#accordion_6\" ).accordion({\r\n        collapsible: true,\r\n        active: false\r\n      });\r\n    } );\r\n    <\/script>\r\n      <script>\r\n    $( function() {\r\n      $( \"#accordion_7\" ).accordion({\r\n        collapsible: true,\r\n        active: false\r\n      });\r\n    } );\r\n    <\/script>\r\n      <script>\r\n    $( function() {\r\n      $( \"#accordion_8\" ).accordion({\r\n        collapsible: true,\r\n        active: false\r\n      });\r\n    } );\r\n    <\/script>\r\n      <script>\r\n    $( function() {\r\n      $( \"#accordion_9\" ).accordion({\r\n        collapsible: true,\r\n        active: false\r\n      });\r\n    } );\r\n    <\/script>\r\n  <\/head>\r\n  <body>\r\n   \r\n  <div id=\"accordion_1\">\r\n    <h3>Estado de Situaci\u00f3n Financiera\r\n  <\/h3>\r\n    <div>\r\n      <table class=\"table table-hover\">\r\n  <thead>\r\n  <tr>\r\n  <th scope=\"col\">#<\/th>\r\n  <th scope=\"col\">Mensual<\/th>\r\n  <th scope=\"col\">Descarga<\/th>\r\n  <\/tr>\r\n  <\/thead>\r\n  <tbody>\r\n  <tr>\r\n\r\n  <th scope=\"row\">1<\/th>\r\n  <td>Estado de Situaci\u00f3n Financiera enero - junio<\/td>\r\n  <td><p><a href=\"https:\/\/www.opb.gob.mx\/portal\/wp-content\/uploads\/2022\/dif\/2025\/ESF\/Estado%20de%20Situaci%C3%B3n%20financiera%20Ene-Jun_compressed.pdf\">\r\n  <img loading=\"lazy\" src=\"https:\/\/i2.wp.com\/www.opb.gob.mx\/portal\/wp-content\/uploads\/2020\/06\/icon_pdf_png.png?resize=32%2C32\" alt=\"documento\" width=\"32 px\" height=\"32\"  data-recalc-dims=\"1\">\r\n  <\/a><\/p><\/td>\r\n  <\/tr>\r\n  \r\n  <\/tbody>\r\n  <\/table>\r\n\r\n    <\/div>\r\n   \r\n  <\/div>\r\n   \r\n   <div id=\"accordion_2\">\r\n    <h3>Informe Anal\u00edtico de la Deuda y Otros Pasivos\r\n  <\/h3>\r\n\r\n    <div>\r\n      <table class=\"table table-hover\">\r\n  <thead>\r\n  <tr>\r\n  <th scope=\"col\">#<\/th>\r\n  <th scope=\"col\">Mensual<\/th>\r\n  <th scope=\"col\">Descarga<\/th>\r\n  <\/tr>\r\n  <\/thead>\r\n  <tbody>\r\n  <tr>\r\n\r\n\r\n\r\n\r\n  <th scope=\"row\">1<\/th>\r\n  <td>Informe Anal\u00edtico de la Deuda y Otros Pasivos enero - junio <\/td>\r\n  <td><p><a href=\"https:\/\/www.opb.gob.mx\/portal\/wp-content\/uploads\/2022\/dif\/2025\/ESF\/INFORM~1_compressed.pdf\">\r\n  <img loading=\"lazy\" src=\"https:\/\/i2.wp.com\/www.opb.gob.mx\/portal\/wp-content\/uploads\/2020\/06\/icon_pdf_png.png?resize=32%2C32\" alt=\"documento\" width=\"32 px\" height=\"32\"  data-recalc-dims=\"1\">\r\n  <\/a><\/p><\/td>\r\n  <\/tr>\r\n  \r\n\r\n  <\/tbody>\r\n  <\/table>\r\n\r\n    <\/div>\r\n    \r\n  <\/div>\r\n  <div id=\"accordion_3\">\r\n    <h3>Estado Anal\u00edtico de Ingreso Detallado\r\n  <\/h3>\r\n\r\n    <div>\r\n      <table class=\"table table-hover\">\r\n  <thead>\r\n  <tr>\r\n  <th scope=\"col\">#<\/th>\r\n  <th scope=\"col\">Mensual<\/th>\r\n  <th scope=\"col\">Descarga<\/th>\r\n  <\/tr>\r\n  <\/thead>\r\n  <tbody>\r\n  <tr>\r\n\r\n\r\n  <th scope=\"row\">1<\/th>\r\n  <td>Estado Anal\u00edtico de Ingresos Detallado enero - junio <\/td>\r\n  <td><p><a href=\"https:\/\/www.opb.gob.mx\/portal\/wp-content\/uploads\/2022\/dif\/2025\/ESF\/ESTADO~2.PDF\">\r\n  <img loading=\"lazy\" src=\"https:\/\/i2.wp.com\/www.opb.gob.mx\/portal\/wp-content\/uploads\/2020\/06\/icon_pdf_png.png?resize=32%2C32\" alt=\"documento\" width=\"32 px\" height=\"32\"  data-recalc-dims=\"1\">\r\n  <\/a><\/p><\/td>\r\n  <\/tr>\r\n  \r\n\r\n  <\/tbody>\r\n  <\/table>\r\n\r\n\r\n    <\/div>\r\n    \r\n  <\/div>\r\n  <!--<div id=\"accordion_4\">\r\n    <h3>Estado Analitico de Ingresos Detallado-LDF\r\n  <\/h3>\r\n    <div>\r\n      <table class=\"table table-hover\">\r\n  <thead>\r\n  <tr>\r\n\r\n\r\n\r\n  <th scope=\"col\">#<\/th>\r\n  <th scope=\"col\">Mensual<\/th>\r\n  <th scope=\"col\">Descarga<\/th>\r\n  <\/tr>\r\n  <\/thead>\r\n  <tbody>\r\n  <tr>\r\n\r\n\r\n  <th scope=\"row\">1<\/th>\r\n  <td>Estado Analitico de Ingresos Detallado-LDF.pdf-1er. Trimestre <\/td>\r\n  <td><p><a href=\"http:\/\/www.opb.gob.mx\/portal\/wp-content\/uploads\/2020\/CONAC-2019\/actualizado\/Estado%20Analitico%20de%20Ingresos%20Detallado-LDF.pdf-1er.pdf\">\r\n  <img loading=\"lazy\" src=\"https:\/\/i2.wp.com\/www.opb.gob.mx\/portal\/wp-content\/uploads\/2020\/06\/icon_pdf_png.png?resize=32%2C32\" alt=\"documento\" width=\"32 px\" height=\"32\"  data-recalc-dims=\"1\">\r\n  <\/a><\/p><\/td>\r\n  <\/tr>\r\n  <tr>\r\n  <th scope=\"row\">2<\/th>\r\n  <td>Estado Analitico de Ingresos Detallado-LDF.pdf-2do. Trimestre <\/td>\r\n  <td><p><a href=\"http:\/\/www.opb.gob.mx\/portal\/wp-content\/uploads\/2019\/11\/Estado%20Analitico%20de%20Ingresos%20Detallado-LDF.pdf-2do.pdf\">\r\n  <img loading=\"lazy\" src=\"https:\/\/i2.wp.com\/www.opb.gob.mx\/portal\/wp-content\/uploads\/2020\/06\/icon_pdf_png.png?resize=32%2C32\" alt=\"documento\" width=\"32 px\" height=\"32\"  data-recalc-dims=\"1\">\r\n  <\/a><\/p><\/td>\r\n  <\/tr>\r\n  <tr>\r\n  <th scope=\"row\">3<\/th>\r\n  <td>Estado Analitico de Ingresos Detallado-LDF.pdf-3er. Trimestre <\/td>\r\n  <td><p><a href=\"http:\/\/www.opb.gob.mx\/portal\/wp-content\/uploads\/2019\/11\/Estado%20Analitico%20de%20Ingresos%20Detallado-LDF-3er%20Trimestre.pdf\">\r\n  <img loading=\"lazy\" src=\"https:\/\/i2.wp.com\/www.opb.gob.mx\/portal\/wp-content\/uploads\/2020\/06\/icon_pdf_png.png?resize=32%2C32\" alt=\"documento\" width=\"32 px\" height=\"32\"  data-recalc-dims=\"1\">\r\n  <\/a><\/p><\/td>\r\n  <tr>\r\n  <th scope=\"row\">4<\/th>\r\n  <td>Estado Analitico de Ingresos Detallado-LDF.pdf-4to. Trimestre <\/td>\r\n  <td><p><a href=\"http:\/\/www.opb.gob.mx\/portal\/wp-content\/uploads\/2019\/11\/Estado%20Analitico%20de%20Ingresos%20Detallado-LDF.pdf-4to%20Trimestre.pdf\">\r\n  <img loading=\"lazy\" src=\"https:\/\/i2.wp.com\/www.opb.gob.mx\/portal\/wp-content\/uploads\/2020\/06\/icon_pdf_png.png?resize=32%2C32\" alt=\"documento\" width=\"32 px\" height=\"32\"  data-recalc-dims=\"1\">\r\n  <\/a><\/p><\/td>\r\n  <\/tr>\r\n\r\n  <\/tbody>\r\n  <\/table>\r\n\r\n\r\n    <\/div>\r\n    \r\n  <\/div>\r\n  -->\r\n  <\/tbody>\r\n  <\/table>\r\n\t\t<\/div>\n\t\t\t\t<\/div>\n\t\t\t\t\t\t<\/div>\n\t\t\t\t\t<\/div>\n\t\t<\/div>\n\t\t\t\t\t\t\t\t<\/div>\n\t\t\t\t\t<\/div>\n\t\t<\/section>\n\t\t\t\t<section class=\"elementor-section elementor-top-section elementor-element elementor-element-3f7e53d elementor-section-boxed elementor-section-height-default elementor-section-height-default\" data-id=\"3f7e53d\" data-element_type=\"section\">\n\t\t\t\t\t\t<div class=\"elementor-container elementor-column-gap-default\">\n\t\t\t\t\t\t\t<div class=\"elementor-row\">\n\t\t\t\t\t<div class=\"elementor-column elementor-col-100 elementor-top-column elementor-element elementor-element-7824a66\" data-id=\"7824a66\" data-element_type=\"column\">\n\t\t\t<div class=\"elementor-column-wrap elementor-element-populated\">\n\t\t\t\t\t\t\t<div class=\"elementor-widget-wrap\">\n\t\t\t\t\t\t<div class=\"elementor-element elementor-element-3b4cb46 elementor-widget elementor-widget-image\" data-id=\"3b4cb46\" data-element_type=\"widget\" data-widget_type=\"image.default\">\n\t\t\t\t<div class=\"elementor-widget-container\">\n\t\t\t\t\t<div class=\"elementor-image\">\n\t\t\t\t\t\t\t\t\t\t<img src=\"https:\/\/www.opb.gob.mx\/portal\/wp-content\/uploads\/2022\/02\/logo_opb_white.png\" title=\"logo_opb_white\" alt=\"logo_opb_white\" \/>\t\t\t\t\t\t\t\t\t\t\t<\/div>\n\t\t\t\t<\/div>\n\t\t\t\t<\/div>\n\t\t\t\t\t\t<\/div>\n\t\t\t\t\t<\/div>\n\t\t<\/div>\n\t\t\t\t\t\t\t\t<\/div>\n\t\t\t\t\t<\/div>\n\t\t<\/section>\n\t\t\t\t\t\t<\/div>\n\t\t\t\t\t\t<\/div>\n\t\t\t\t\t<\/div>\n\t\t","protected":false},"excerpt":{"rendered":"<p>Estado de Situaci\u00f3n Financiera # Mensual Descarga 1 Estado de Situaci\u00f3n Financiera enero &#8211; junio Informe Anal\u00edtico de la Deuda y Otros Pasivos # Mensual Descarga 1 Informe Anal\u00edtico de la Deuda y Otros Pasivos enero &#8211; junio Estado Anal\u00edtico de Ingreso Detallado # Mensual Descarga 1 Estado Anal\u00edtico de Ingresos Detallado enero &#8211; junio<\/p>\n","protected":false},"author":11,"featured_media":0,"parent":0,"menu_order":0,"comment_status":"closed","ping_status":"closed","template":"","meta":[],"_links":{"self":[{"href":"https:\/\/www.opb.gob.mx\/portal\/index.php?rest_route=\/wp\/v2\/pages\/29492"}],"collection":[{"href":"https:\/\/www.opb.gob.mx\/portal\/index.php?rest_route=\/wp\/v2\/pages"}],"about":[{"href":"https:\/\/www.opb.gob.mx\/portal\/index.php?rest_route=\/wp\/v2\/types\/page"}],"author":[{"embeddable":true,"href":"https:\/\/www.opb.gob.mx\/portal\/index.php?rest_route=\/wp\/v2\/users\/11"}],"replies":[{"embeddable":true,"href":"https:\/\/www.opb.gob.mx\/portal\/index.php?rest_route=%2Fwp%2Fv2%2Fcomments&post=29492"}],"version-history":[{"count":4,"href":"https:\/\/www.opb.gob.mx\/portal\/index.php?rest_route=\/wp\/v2\/pages\/29492\/revisions"}],"predecessor-version":[{"id":29496,"href":"https:\/\/www.opb.gob.mx\/portal\/index.php?rest_route=\/wp\/v2\/pages\/29492\/revisions\/29496"}],"wp:attachment":[{"href":"https:\/\/www.opb.gob.mx\/portal\/index.php?rest_route=%2Fwp%2Fv2%2Fmedia&parent=29492"}],"curies":[{"name":"wp","href":"https:\/\/api.w.org\/{rel}","templated":true}]}}